{"id":107735,"date":"2023-03-07T10:45:38","date_gmt":"2023-03-07T10:45:38","guid":{"rendered":"https:\/\/ifoffice.pt\/?post_type=product&#038;p=107735"},"modified":"2026-02-23T13:32:37","modified_gmt":"2026-02-23T13:32:37","slug":"caderno-espiral-liderpapel-paper-coat-160-folhas-a4-quadriculado-verde","status":"publish","type":"product","link":"https:\/\/ifoffice.pt\/?product=caderno-espiral-liderpapel-paper-coat-160-folhas-a4-quadriculado-verde","title":{"rendered":"Caderno espiral liderpapel paper coat 160 folhas a4 quadriculado verde"},"content":{"rendered":"<p>CAPA DURA DE CART\u00c3O COLADO DE 1,50 MM DE ESPESSURA, FORRADO COM PAPEL DE ECAPA DURA DE CART\u00c3O COLADO DE 1,50 MM DE ESPESSURA, FORRADO COM PAPEL DE ENCADERNA\u00c7\u00c3O  PLASTIFICADO, GOFRADO TELA EM P.V.C. CAPA INTERIOR IMPRESSA. ESPIRAL NYLONIZADA PRETA. 140 FOLHAS.  PAPEL DE 80 G\/M\u00b2 .<\/p>\n","protected":false},"excerpt":{"rendered":"<p>Caderno espiral liderpapel paper coat 160 folhas a4 quadriculado verde<\/p>\n","protected":false},"featured_media":130842,"comment_status":"open","ping_status":"closed","template":"","meta":{"neve_meta_sidebar":"","neve_meta_container":"","neve_meta_enable_content_width":"","neve_meta_content_width":0,"neve_meta_title_alignment":"","neve_meta_author_avatar":"","neve_post_elements_order":"","neve_meta_disable_header":"","neve_meta_disable_footer":"","neve_meta_disable_title":""},"product_brand":[],"product_cat":[2817],"product_tag":[],"class_list":{"0":"post-107735","1":"product","2":"type-product","3":"status-publish","4":"has-post-thumbnail","6":"product_cat-cadernos-universitarios","8":"first","9":"instock","10":"taxable","11":"shipping-taxable","12":"purchasable","13":"product-type-simple"},"_links":{"self":[{"href":"https:\/\/ifoffice.pt\/index.php?rest_route=\/wp\/v2\/product\/107735","targetHints":{"allow":["GET"]}}],"collection":[{"href":"https:\/\/ifoffice.pt\/index.php?rest_route=\/wp\/v2\/product"}],"about":[{"href":"https:\/\/ifoffice.pt\/index.php?rest_route=\/wp\/v2\/types\/product"}],"replies":[{"embeddable":true,"href":"https:\/\/ifoffice.pt\/index.php?rest_route=%2Fwp%2Fv2%2Fcomments&post=107735"}],"wp:featuredmedia":[{"embeddable":true,"href":"https:\/\/ifoffice.pt\/index.php?rest_route=\/wp\/v2\/media\/130842"}],"wp:attachment":[{"href":"https:\/\/ifoffice.pt\/index.php?rest_route=%2Fwp%2Fv2%2Fmedia&parent=107735"}],"wp:term":[{"taxonomy":"product_brand","embeddable":true,"href":"https:\/\/ifoffice.pt\/index.php?rest_route=%2Fwp%2Fv2%2Fproduct_brand&post=107735"},{"taxonomy":"product_cat","embeddable":true,"href":"https:\/\/ifoffice.pt\/index.php?rest_route=%2Fwp%2Fv2%2Fproduct_cat&post=107735"},{"taxonomy":"product_tag","embeddable":true,"href":"https:\/\/ifoffice.pt\/index.php?rest_route=%2Fwp%2Fv2%2Fproduct_tag&post=107735"}],"curies":[{"name":"wp","href":"https:\/\/api.w.org\/{rel}","templated":true}]}}