{"id":107614,"date":"2023-03-07T10:44:14","date_gmt":"2023-03-07T10:44:14","guid":{"rendered":"https:\/\/ifoffice.pt\/?post_type=product&#038;p=107614"},"modified":"2026-04-02T08:29:15","modified_gmt":"2026-04-02T08:29:15","slug":"bloco-desenho-liderpapel-20fls-90grs-tamanho-155x215-mm","status":"publish","type":"product","link":"https:\/\/ifoffice.pt\/produto\/bloco-desenho-liderpapel-20fls-90grs-tamanho-155x215-mm\/","title":{"rendered":"Bloco desenho liderpapel 20fls. 90grs tamanho 155&#215;215 mm"},"content":{"rendered":"<p>20 FOLHAS. PAPEL DE 90 G\/M . PAPEL MUITO BRANCO DE SUPERF\u00cdCIE REGULAR. ACEITA QUALQUER INSTRUMENTO DE DESENHO: L\u00c1PIS, CERA, CARV\u00c3O, PASTEL, TINTA, ETC.<\/p>\n","protected":false},"excerpt":{"rendered":"<p>PACK DE 5 UNIDADES<\/p>\n","protected":false},"featured_media":142924,"comment_status":"open","ping_status":"closed","template":"","meta":{"neve_meta_sidebar":"","neve_meta_container":"","neve_meta_enable_content_width":"","neve_meta_content_width":0,"neve_meta_title_alignment":"","neve_meta_author_avatar":"","neve_post_elements_order":"","neve_meta_disable_header":"","neve_meta_disable_footer":"","neve_meta_disable_title":""},"product_brand":[],"product_cat":[1749],"product_tag":[],"class_list":{"0":"post-107614","1":"product","2":"type-product","3":"status-publish","4":"has-post-thumbnail","6":"product_cat-blocos-de-desenho","8":"first","9":"instock","10":"taxable","11":"shipping-taxable","12":"purchasable","13":"product-type-simple"},"_links":{"self":[{"href":"https:\/\/ifoffice.pt\/wp-json\/wp\/v2\/product\/107614","targetHints":{"allow":["GET"]}}],"collection":[{"href":"https:\/\/ifoffice.pt\/wp-json\/wp\/v2\/product"}],"about":[{"href":"https:\/\/ifoffice.pt\/wp-json\/wp\/v2\/types\/product"}],"replies":[{"embeddable":true,"href":"https:\/\/ifoffice.pt\/wp-json\/wp\/v2\/comments?post=107614"}],"wp:featuredmedia":[{"embeddable":true,"href":"https:\/\/ifoffice.pt\/wp-json\/wp\/v2\/media\/142924"}],"wp:attachment":[{"href":"https:\/\/ifoffice.pt\/wp-json\/wp\/v2\/media?parent=107614"}],"wp:term":[{"taxonomy":"product_brand","embeddable":true,"href":"https:\/\/ifoffice.pt\/wp-json\/wp\/v2\/product_brand?post=107614"},{"taxonomy":"product_cat","embeddable":true,"href":"https:\/\/ifoffice.pt\/wp-json\/wp\/v2\/product_cat?post=107614"},{"taxonomy":"product_tag","embeddable":true,"href":"https:\/\/ifoffice.pt\/wp-json\/wp\/v2\/product_tag?post=107614"}],"curies":[{"name":"wp","href":"https:\/\/api.w.org\/{rel}","templated":true}]}}