{"id":107613,"date":"2023-03-07T10:44:14","date_gmt":"2023-03-07T10:44:14","guid":{"rendered":"https:\/\/ifoffice.pt\/?post_type=product&#038;p=107613"},"modified":"2026-02-23T14:54:10","modified_gmt":"2026-02-23T14:54:10","slug":"bloco-de-rifa-folha-dupla-2","status":"publish","type":"product","link":"https:\/\/ifoffice.pt\/?product=bloco-de-rifa-folha-dupla-2","title":{"rendered":"Bloco de rifa folha dupla"},"content":{"rendered":"<p>Com 10 n\u00fameros por p\u00e1gina. Gomado num dos lados. Com linhas de corte.  Dispon\u00edvel em v\u00e1rias cores.<\/p>\n","protected":false},"excerpt":{"rendered":"<p>PACK DE 30 UNIDADES<\/p>\n","protected":false},"featured_media":126699,"comment_status":"open","ping_status":"closed","template":"","meta":{"neve_meta_sidebar":"","neve_meta_container":"","neve_meta_enable_content_width":"","neve_meta_content_width":0,"neve_meta_title_alignment":"","neve_meta_author_avatar":"","neve_post_elements_order":"","neve_meta_disable_header":"","neve_meta_disable_footer":"","neve_meta_disable_title":""},"product_brand":[],"product_cat":[1994],"product_tag":[],"class_list":{"0":"post-107613","1":"product","2":"type-product","3":"status-publish","4":"has-post-thumbnail","6":"product_cat-blocos-impressos-outros-modelo","8":"first","9":"instock","10":"taxable","11":"shipping-taxable","12":"purchasable","13":"product-type-simple"},"_links":{"self":[{"href":"https:\/\/ifoffice.pt\/index.php?rest_route=\/wp\/v2\/product\/107613","targetHints":{"allow":["GET"]}}],"collection":[{"href":"https:\/\/ifoffice.pt\/index.php?rest_route=\/wp\/v2\/product"}],"about":[{"href":"https:\/\/ifoffice.pt\/index.php?rest_route=\/wp\/v2\/types\/product"}],"replies":[{"embeddable":true,"href":"https:\/\/ifoffice.pt\/index.php?rest_route=%2Fwp%2Fv2%2Fcomments&post=107613"}],"wp:featuredmedia":[{"embeddable":true,"href":"https:\/\/ifoffice.pt\/index.php?rest_route=\/wp\/v2\/media\/126699"}],"wp:attachment":[{"href":"https:\/\/ifoffice.pt\/index.php?rest_route=%2Fwp%2Fv2%2Fmedia&parent=107613"}],"wp:term":[{"taxonomy":"product_brand","embeddable":true,"href":"https:\/\/ifoffice.pt\/index.php?rest_route=%2Fwp%2Fv2%2Fproduct_brand&post=107613"},{"taxonomy":"product_cat","embeddable":true,"href":"https:\/\/ifoffice.pt\/index.php?rest_route=%2Fwp%2Fv2%2Fproduct_cat&post=107613"},{"taxonomy":"product_tag","embeddable":true,"href":"https:\/\/ifoffice.pt\/index.php?rest_route=%2Fwp%2Fv2%2Fproduct_tag&post=107613"}],"curies":[{"name":"wp","href":"https:\/\/api.w.org\/{rel}","templated":true}]}}