{"id":107466,"date":"2023-03-07T10:42:38","date_gmt":"2023-03-07T10:42:38","guid":{"rendered":"https:\/\/ifoffice.pt\/?post_type=product&#038;p=107466"},"modified":"2026-02-23T13:38:38","modified_gmt":"2026-02-23T13:38:38","slug":"fita-adesiva-scotch-33-mt-x-12-mm-2","status":"publish","type":"product","link":"https:\/\/ifoffice.pt\/?product=fita-adesiva-scotch-33-mt-x-12-mm-2","title":{"rendered":"Fita adesiva scotch 33 mt x 12 mm"},"content":{"rendered":"<p>\u00c9 completamente transparente e invis\u00edvel, uma vez que a aplicamos sobre a maioria dos pap\u00e9is. Desenrola-se sem ru\u00eddo. N\u00e3o fica amarela, n\u00e3o se descola e n\u00e3o perde o adesivo com o passar do tempo. A\u00a0fita.<\/p>\n","protected":false},"excerpt":{"rendered":"<p>Fita adesiva scotch 33 mt x 12 mm<\/p>\n","protected":false},"featured_media":127125,"comment_status":"open","ping_status":"closed","template":"","meta":{"neve_meta_sidebar":"","neve_meta_container":"","neve_meta_enable_content_width":"","neve_meta_content_width":0,"neve_meta_title_alignment":"","neve_meta_author_avatar":"","neve_post_elements_order":"","neve_meta_disable_header":"","neve_meta_disable_footer":"","neve_meta_disable_title":""},"product_brand":[],"product_cat":[1800],"product_tag":[],"class_list":{"0":"post-107466","1":"product","2":"type-product","3":"status-publish","4":"has-post-thumbnail","6":"product_cat-fitas-adesivas","8":"first","9":"instock","10":"taxable","11":"shipping-taxable","12":"purchasable","13":"product-type-simple"},"_links":{"self":[{"href":"https:\/\/ifoffice.pt\/index.php?rest_route=\/wp\/v2\/product\/107466","targetHints":{"allow":["GET"]}}],"collection":[{"href":"https:\/\/ifoffice.pt\/index.php?rest_route=\/wp\/v2\/product"}],"about":[{"href":"https:\/\/ifoffice.pt\/index.php?rest_route=\/wp\/v2\/types\/product"}],"replies":[{"embeddable":true,"href":"https:\/\/ifoffice.pt\/index.php?rest_route=%2Fwp%2Fv2%2Fcomments&post=107466"}],"wp:featuredmedia":[{"embeddable":true,"href":"https:\/\/ifoffice.pt\/index.php?rest_route=\/wp\/v2\/media\/127125"}],"wp:attachment":[{"href":"https:\/\/ifoffice.pt\/index.php?rest_route=%2Fwp%2Fv2%2Fmedia&parent=107466"}],"wp:term":[{"taxonomy":"product_brand","embeddable":true,"href":"https:\/\/ifoffice.pt\/index.php?rest_route=%2Fwp%2Fv2%2Fproduct_brand&post=107466"},{"taxonomy":"product_cat","embeddable":true,"href":"https:\/\/ifoffice.pt\/index.php?rest_route=%2Fwp%2Fv2%2Fproduct_cat&post=107466"},{"taxonomy":"product_tag","embeddable":true,"href":"https:\/\/ifoffice.pt\/index.php?rest_route=%2Fwp%2Fv2%2Fproduct_tag&post=107466"}],"curies":[{"name":"wp","href":"https:\/\/api.w.org\/{rel}","templated":true}]}}