{"id":107430,"date":"2023-03-07T10:41:54","date_gmt":"2023-03-07T10:41:54","guid":{"rendered":"https:\/\/ifoffice.pt\/?post_type=product&#038;p=107430"},"modified":"2025-03-12T12:17:25","modified_gmt":"2025-03-12T12:17:25","slug":"esferografica-pentel-bk401m-cor-azul","status":"publish","type":"product","link":"https:\/\/ifoffice.pt\/?product=esferografica-pentel-bk401m-cor-azul","title":{"rendered":"Esferografica pentel bk401m cor azul"},"content":{"rendered":"<p>O GRIP D\u00c1 UMA SENSA\u00c7\u00c3O DE ESCRITA SUAVE E CONFORT\u00c1VEL. 1.000 METROS DE DISO GRIP D\u00c1 UMA SENSA\u00c7\u00c3O DE ESCRITA SUAVE E CONFORT\u00c1VEL. 1.000 METROS DE DIST\u00c2NCIA DE ESCRITA. PONTA DE 1 MM.<\/p>\n","protected":false},"excerpt":{"rendered":"<p>PACK DE 12 UNIDADES<\/p>\n","protected":false},"featured_media":122181,"comment_status":"open","ping_status":"closed","template":"","meta":{"neve_meta_sidebar":"","neve_meta_container":"","neve_meta_enable_content_width":"","neve_meta_content_width":0,"neve_meta_title_alignment":"","neve_meta_author_avatar":"","neve_post_elements_order":"","neve_meta_disable_header":"","neve_meta_disable_footer":"","neve_meta_disable_title":""},"product_brand":[],"product_cat":[1767],"product_tag":[],"class_list":{"0":"post-107430","1":"product","2":"type-product","3":"status-publish","4":"has-post-thumbnail","6":"product_cat-marcadores-roller","8":"first","9":"outofstock","10":"taxable","11":"shipping-taxable","12":"purchasable","13":"product-type-simple"},"_links":{"self":[{"href":"https:\/\/ifoffice.pt\/index.php?rest_route=\/wp\/v2\/product\/107430","targetHints":{"allow":["GET"]}}],"collection":[{"href":"https:\/\/ifoffice.pt\/index.php?rest_route=\/wp\/v2\/product"}],"about":[{"href":"https:\/\/ifoffice.pt\/index.php?rest_route=\/wp\/v2\/types\/product"}],"replies":[{"embeddable":true,"href":"https:\/\/ifoffice.pt\/index.php?rest_route=%2Fwp%2Fv2%2Fcomments&post=107430"}],"wp:featuredmedia":[{"embeddable":true,"href":"https:\/\/ifoffice.pt\/index.php?rest_route=\/wp\/v2\/media\/122181"}],"wp:attachment":[{"href":"https:\/\/ifoffice.pt\/index.php?rest_route=%2Fwp%2Fv2%2Fmedia&parent=107430"}],"wp:term":[{"taxonomy":"product_brand","embeddable":true,"href":"https:\/\/ifoffice.pt\/index.php?rest_route=%2Fwp%2Fv2%2Fproduct_brand&post=107430"},{"taxonomy":"product_cat","embeddable":true,"href":"https:\/\/ifoffice.pt\/index.php?rest_route=%2Fwp%2Fv2%2Fproduct_cat&post=107430"},{"taxonomy":"product_tag","embeddable":true,"href":"https:\/\/ifoffice.pt\/index.php?rest_route=%2Fwp%2Fv2%2Fproduct_tag&post=107430"}],"curies":[{"name":"wp","href":"https:\/\/api.w.org\/{rel}","templated":true}]}}