{"id":107421,"date":"2023-03-07T10:41:32","date_gmt":"2023-03-07T10:41:32","guid":{"rendered":"https:\/\/ifoffice.pt\/?post_type=product&#038;p=107421"},"modified":"2025-03-12T14:29:28","modified_gmt":"2025-03-12T14:29:28","slug":"estojo-escolar-liderpapel-cilindrico-com-2-fechos-preto-205x75x75-mm","status":"publish","type":"product","link":"https:\/\/ifoffice.pt\/?product=estojo-escolar-liderpapel-cilindrico-com-2-fechos-preto-205x75x75-mm","title":{"rendered":"Estojo escolar liderpapel cilindrico com 2 fechos preto 205x75x75 mm"},"content":{"rendered":"<p>Pr\u00e1tico e c\u00f3modo estojo fabricado em nylon com fechos. Possui v\u00e1rios compartimentos para guardar material escolar como esferogr\u00e1ficas, lapiseiras, borrachas, apara l\u00e1pis, etc. V\u00e1rias cores e medidas.<\/p>\n","protected":false},"excerpt":{"rendered":"<p>Pr\u00e1tico e c\u00f3modo estojo fabricado em nylon com fechos. Possui v\u00e1rios compartimentos para guardar material escolar como esferogr\u00e1ficas, lapiseiras, borrachas, apara l\u00e1pis, etc. V\u00e1rias cores e medidas.<\/p>\n","protected":false},"featured_media":130618,"comment_status":"closed","ping_status":"closed","template":"","meta":{"neve_meta_sidebar":"","neve_meta_container":"","neve_meta_enable_content_width":"off","neve_meta_content_width":100,"neve_meta_title_alignment":"","neve_meta_author_avatar":"","neve_post_elements_order":"","neve_meta_disable_header":"","neve_meta_disable_footer":"","neve_meta_disable_title":""},"product_brand":[],"product_cat":[2816],"product_tag":[2880],"class_list":{"0":"post-107421","1":"product","2":"type-product","3":"status-publish","4":"has-post-thumbnail","6":"product_cat-estojos-escolares","7":"product_tag-escolar2023","9":"first","10":"instock","11":"sale","12":"taxable","13":"shipping-taxable","14":"purchasable","15":"product-type-simple"},"_links":{"self":[{"href":"https:\/\/ifoffice.pt\/index.php?rest_route=\/wp\/v2\/product\/107421","targetHints":{"allow":["GET"]}}],"collection":[{"href":"https:\/\/ifoffice.pt\/index.php?rest_route=\/wp\/v2\/product"}],"about":[{"href":"https:\/\/ifoffice.pt\/index.php?rest_route=\/wp\/v2\/types\/product"}],"replies":[{"embeddable":true,"href":"https:\/\/ifoffice.pt\/index.php?rest_route=%2Fwp%2Fv2%2Fcomments&post=107421"}],"wp:featuredmedia":[{"embeddable":true,"href":"https:\/\/ifoffice.pt\/index.php?rest_route=\/wp\/v2\/media\/130618"}],"wp:attachment":[{"href":"https:\/\/ifoffice.pt\/index.php?rest_route=%2Fwp%2Fv2%2Fmedia&parent=107421"}],"wp:term":[{"taxonomy":"product_brand","embeddable":true,"href":"https:\/\/ifoffice.pt\/index.php?rest_route=%2Fwp%2Fv2%2Fproduct_brand&post=107421"},{"taxonomy":"product_cat","embeddable":true,"href":"https:\/\/ifoffice.pt\/index.php?rest_route=%2Fwp%2Fv2%2Fproduct_cat&post=107421"},{"taxonomy":"product_tag","embeddable":true,"href":"https:\/\/ifoffice.pt\/index.php?rest_route=%2Fwp%2Fv2%2Fproduct_tag&post=107421"}],"curies":[{"name":"wp","href":"https:\/\/api.w.org\/{rel}","templated":true}]}}