{"id":107403,"date":"2023-03-07T10:41:09","date_gmt":"2023-03-07T10:41:09","guid":{"rendered":"https:\/\/ifoffice.pt\/?post_type=product&#038;p=107403"},"modified":"2025-03-12T12:17:18","modified_gmt":"2025-03-12T12:17:18","slug":"estojo-escolar-antartik-estreito-cor-azul-210x70x80-mm","status":"publish","type":"product","link":"https:\/\/ifoffice.pt\/?product=estojo-escolar-antartik-estreito-cor-azul-210x70x80-mm","title":{"rendered":"Estojo escolar antartik estreito cor azul 210x70x80 mm"},"content":{"rendered":"<p>Estojo escolar fabricado em nylon com um ou v\u00e1rios compartimentos e fecho de correr. Pr\u00e1tico e c\u00f3modo, com compartimentos espa\u00e7osos perfeitos para guardar material escolar como esferogr\u00e1ficas, lapiseiras, borrachas, apara l\u00e1pis, etc. Com uma asa para transportar. V\u00e1rios tamanhos e cores.<\/p>\n","protected":false},"excerpt":{"rendered":"<p>Estojo escolar fabricado em nylon com um ou v\u00e1rios compartimentos e fecho de correr. Pr\u00e1tico e c\u00f3modo, com compartimentos espa\u00e7osos perfeitos para guardar material escolar como esferogr\u00e1ficas, lapiseiras, borrachas, apara l\u00e1pis, etc. Com uma asa para transportar. V\u00e1rios tamanhos e cores.<\/p>\n","protected":false},"featured_media":114565,"comment_status":"open","ping_status":"closed","template":"","meta":{"neve_meta_sidebar":"","neve_meta_container":"","neve_meta_enable_content_width":"","neve_meta_content_width":0,"neve_meta_title_alignment":"","neve_meta_author_avatar":"","neve_post_elements_order":"","neve_meta_disable_header":"","neve_meta_disable_footer":"","neve_meta_disable_title":""},"product_brand":[],"product_cat":[2816],"product_tag":[2880],"class_list":{"0":"post-107403","1":"product","2":"type-product","3":"status-publish","4":"has-post-thumbnail","6":"product_cat-estojos-escolares","7":"product_tag-escolar2023","9":"first","10":"outofstock","11":"sale","12":"taxable","13":"shipping-taxable","14":"purchasable","15":"product-type-simple"},"_links":{"self":[{"href":"https:\/\/ifoffice.pt\/index.php?rest_route=\/wp\/v2\/product\/107403","targetHints":{"allow":["GET"]}}],"collection":[{"href":"https:\/\/ifoffice.pt\/index.php?rest_route=\/wp\/v2\/product"}],"about":[{"href":"https:\/\/ifoffice.pt\/index.php?rest_route=\/wp\/v2\/types\/product"}],"replies":[{"embeddable":true,"href":"https:\/\/ifoffice.pt\/index.php?rest_route=%2Fwp%2Fv2%2Fcomments&post=107403"}],"wp:featuredmedia":[{"embeddable":true,"href":"https:\/\/ifoffice.pt\/index.php?rest_route=\/wp\/v2\/media\/114565"}],"wp:attachment":[{"href":"https:\/\/ifoffice.pt\/index.php?rest_route=%2Fwp%2Fv2%2Fmedia&parent=107403"}],"wp:term":[{"taxonomy":"product_brand","embeddable":true,"href":"https:\/\/ifoffice.pt\/index.php?rest_route=%2Fwp%2Fv2%2Fproduct_brand&post=107403"},{"taxonomy":"product_cat","embeddable":true,"href":"https:\/\/ifoffice.pt\/index.php?rest_route=%2Fwp%2Fv2%2Fproduct_cat&post=107403"},{"taxonomy":"product_tag","embeddable":true,"href":"https:\/\/ifoffice.pt\/index.php?rest_route=%2Fwp%2Fv2%2Fproduct_tag&post=107403"}],"curies":[{"name":"wp","href":"https:\/\/api.w.org\/{rel}","templated":true}]}}