{"id":107285,"date":"2023-03-07T10:38:01","date_gmt":"2023-03-07T10:38:01","guid":{"rendered":"https:\/\/ifoffice.pt\/?post_type=product&#038;p=107285"},"modified":"2026-02-23T13:06:04","modified_gmt":"2026-02-23T13:06:04","slug":"conjunto-parker-jotter-duo-aco-ct-esferografica-lapiseira","status":"publish","type":"product","link":"https:\/\/ifoffice.pt\/?product=conjunto-parker-jotter-duo-aco-ct-esferografica-lapiseira","title":{"rendered":"Conjunto parker jotter duo aco ct esferografica + lapiseira"},"content":{"rendered":"<p>Caneta Parker Jotter. Corpo lacado. Tampa e aparo de a\u00e7o inoxid\u00e1vel. Adornos com acabamentos cromados. Recarga com cartuchos Parker. Apresenta\u00e7\u00e3o em estojo de Parker Jotter.<\/p>\n","protected":false},"excerpt":{"rendered":"<p>Conjunto parker jotter duo aco ct esferografica + lapiseira<\/p>\n","protected":false},"featured_media":116721,"comment_status":"open","ping_status":"closed","template":"","meta":{"neve_meta_sidebar":"","neve_meta_container":"","neve_meta_enable_content_width":"","neve_meta_content_width":0,"neve_meta_title_alignment":"","neve_meta_author_avatar":"","neve_post_elements_order":"","neve_meta_disable_header":"","neve_meta_disable_footer":"","neve_meta_disable_title":""},"product_brand":[],"product_cat":[1762],"product_tag":[],"class_list":{"0":"post-107285","1":"product","2":"type-product","3":"status-publish","4":"has-post-thumbnail","6":"product_cat-estojo-parker","8":"first","9":"instock","10":"taxable","11":"shipping-taxable","12":"purchasable","13":"product-type-simple"},"_links":{"self":[{"href":"https:\/\/ifoffice.pt\/index.php?rest_route=\/wp\/v2\/product\/107285","targetHints":{"allow":["GET"]}}],"collection":[{"href":"https:\/\/ifoffice.pt\/index.php?rest_route=\/wp\/v2\/product"}],"about":[{"href":"https:\/\/ifoffice.pt\/index.php?rest_route=\/wp\/v2\/types\/product"}],"replies":[{"embeddable":true,"href":"https:\/\/ifoffice.pt\/index.php?rest_route=%2Fwp%2Fv2%2Fcomments&post=107285"}],"wp:featuredmedia":[{"embeddable":true,"href":"https:\/\/ifoffice.pt\/index.php?rest_route=\/wp\/v2\/media\/116721"}],"wp:attachment":[{"href":"https:\/\/ifoffice.pt\/index.php?rest_route=%2Fwp%2Fv2%2Fmedia&parent=107285"}],"wp:term":[{"taxonomy":"product_brand","embeddable":true,"href":"https:\/\/ifoffice.pt\/index.php?rest_route=%2Fwp%2Fv2%2Fproduct_brand&post=107285"},{"taxonomy":"product_cat","embeddable":true,"href":"https:\/\/ifoffice.pt\/index.php?rest_route=%2Fwp%2Fv2%2Fproduct_cat&post=107285"},{"taxonomy":"product_tag","embeddable":true,"href":"https:\/\/ifoffice.pt\/index.php?rest_route=%2Fwp%2Fv2%2Fproduct_tag&post=107285"}],"curies":[{"name":"wp","href":"https:\/\/api.w.org\/{rel}","templated":true}]}}