{"id":107252,"date":"2023-03-07T10:36:58","date_gmt":"2023-03-07T10:36:58","guid":{"rendered":"https:\/\/ifoffice.pt\/?post_type=product&#038;p=107252"},"modified":"2026-02-23T13:35:17","modified_gmt":"2026-02-23T13:35:17","slug":"espeto-metalico","status":"publish","type":"product","link":"https:\/\/ifoffice.pt\/?product=espeto-metalico","title":{"rendered":"Espeto metalico q-connect"},"content":{"rendered":"<p>INDICADO PARA A CONSERVA\u00c7\u00c3O DE NOTAS.                                     INDICADO PARA A CONSERVA\u00c7\u00c3O DE NOTAS.<\/p>\n","protected":false},"excerpt":{"rendered":"<p>Espeto metalico q-connect<\/p>\n","protected":false},"featured_media":130493,"comment_status":"open","ping_status":"closed","template":"","meta":{"neve_meta_sidebar":"","neve_meta_container":"","neve_meta_enable_content_width":"","neve_meta_content_width":0,"neve_meta_title_alignment":"","neve_meta_author_avatar":"","neve_post_elements_order":"","neve_meta_disable_header":"","neve_meta_disable_footer":"","neve_meta_disable_title":""},"product_brand":[],"product_cat":[1907],"product_tag":[2678],"class_list":{"0":"post-107252","1":"product","2":"type-product","3":"status-publish","4":"has-post-thumbnail","6":"product_cat-clips-e-pioneses","7":"product_tag-clips-e-pioneses","9":"first","10":"instock","11":"taxable","12":"shipping-taxable","13":"purchasable","14":"product-type-simple"},"_links":{"self":[{"href":"https:\/\/ifoffice.pt\/index.php?rest_route=\/wp\/v2\/product\/107252","targetHints":{"allow":["GET"]}}],"collection":[{"href":"https:\/\/ifoffice.pt\/index.php?rest_route=\/wp\/v2\/product"}],"about":[{"href":"https:\/\/ifoffice.pt\/index.php?rest_route=\/wp\/v2\/types\/product"}],"replies":[{"embeddable":true,"href":"https:\/\/ifoffice.pt\/index.php?rest_route=%2Fwp%2Fv2%2Fcomments&post=107252"}],"wp:featuredmedia":[{"embeddable":true,"href":"https:\/\/ifoffice.pt\/index.php?rest_route=\/wp\/v2\/media\/130493"}],"wp:attachment":[{"href":"https:\/\/ifoffice.pt\/index.php?rest_route=%2Fwp%2Fv2%2Fmedia&parent=107252"}],"wp:term":[{"taxonomy":"product_brand","embeddable":true,"href":"https:\/\/ifoffice.pt\/index.php?rest_route=%2Fwp%2Fv2%2Fproduct_brand&post=107252"},{"taxonomy":"product_cat","embeddable":true,"href":"https:\/\/ifoffice.pt\/index.php?rest_route=%2Fwp%2Fv2%2Fproduct_cat&post=107252"},{"taxonomy":"product_tag","embeddable":true,"href":"https:\/\/ifoffice.pt\/index.php?rest_route=%2Fwp%2Fv2%2Fproduct_tag&post=107252"}],"curies":[{"name":"wp","href":"https:\/\/api.w.org\/{rel}","templated":true}]}}