{"id":107245,"date":"2023-03-07T10:36:42","date_gmt":"2023-03-07T10:36:42","guid":{"rendered":"https:\/\/ifoffice.pt\/?post_type=product&#038;p=107245"},"modified":"2026-02-23T14:53:11","modified_gmt":"2026-02-23T14:53:11","slug":"pinceis-escolares-liderpapel-medio","status":"publish","type":"product","link":"https:\/\/ifoffice.pt\/?product=pinceis-escolares-liderpapel-medio","title":{"rendered":"Pinceis escolares liderpapel medio"},"content":{"rendered":"<p>S\u00e3o ideais para os principiantes e para pintar fundos. O cabo, f\u00e1cil de agarrar, ajuda a manejar e controlar o pincel facilmente. Com adaptador para evitar que rodem sobre a mesa, n\u00e3o pingam e limpam-se facilmente com \u00e1gua e sab\u00e3o. Cores sortidas.<\/p>\n","protected":false},"excerpt":{"rendered":"<p>PACK DE 20 UNIDADES<\/p>\n","protected":false},"featured_media":126884,"comment_status":"open","ping_status":"closed","template":"","meta":{"neve_meta_sidebar":"","neve_meta_container":"","neve_meta_enable_content_width":"","neve_meta_content_width":0,"neve_meta_title_alignment":"","neve_meta_author_avatar":"","neve_post_elements_order":"","neve_meta_disable_header":"","neve_meta_disable_footer":"","neve_meta_disable_title":""},"product_brand":[],"product_cat":[1955],"product_tag":[],"class_list":{"0":"post-107245","1":"product","2":"type-product","3":"status-publish","4":"has-post-thumbnail","6":"product_cat-pinceas-escolares","8":"first","9":"instock","10":"taxable","11":"shipping-taxable","12":"purchasable","13":"product-type-simple"},"_links":{"self":[{"href":"https:\/\/ifoffice.pt\/index.php?rest_route=\/wp\/v2\/product\/107245","targetHints":{"allow":["GET"]}}],"collection":[{"href":"https:\/\/ifoffice.pt\/index.php?rest_route=\/wp\/v2\/product"}],"about":[{"href":"https:\/\/ifoffice.pt\/index.php?rest_route=\/wp\/v2\/types\/product"}],"replies":[{"embeddable":true,"href":"https:\/\/ifoffice.pt\/index.php?rest_route=%2Fwp%2Fv2%2Fcomments&post=107245"}],"wp:featuredmedia":[{"embeddable":true,"href":"https:\/\/ifoffice.pt\/index.php?rest_route=\/wp\/v2\/media\/126884"}],"wp:attachment":[{"href":"https:\/\/ifoffice.pt\/index.php?rest_route=%2Fwp%2Fv2%2Fmedia&parent=107245"}],"wp:term":[{"taxonomy":"product_brand","embeddable":true,"href":"https:\/\/ifoffice.pt\/index.php?rest_route=%2Fwp%2Fv2%2Fproduct_brand&post=107245"},{"taxonomy":"product_cat","embeddable":true,"href":"https:\/\/ifoffice.pt\/index.php?rest_route=%2Fwp%2Fv2%2Fproduct_cat&post=107245"},{"taxonomy":"product_tag","embeddable":true,"href":"https:\/\/ifoffice.pt\/index.php?rest_route=%2Fwp%2Fv2%2Fproduct_tag&post=107245"}],"curies":[{"name":"wp","href":"https:\/\/api.w.org\/{rel}","templated":true}]}}