{"id":107241,"date":"2023-03-07T10:36:36","date_gmt":"2023-03-07T10:36:36","guid":{"rendered":"https:\/\/ifoffice.pt\/?post_type=product&#038;p=107241"},"modified":"2026-04-01T15:20:15","modified_gmt":"2026-04-01T15:20:15","slug":"minas-rotring-grafite-1-mm-hb-estojo-de-12-minas","status":"publish","type":"product","link":"https:\/\/ifoffice.pt\/?product=minas-rotring-grafite-1-mm-hb-estojo-de-12-minas","title":{"rendered":"Minas rotring grafite 1 mm hb estojo de 12 minas"},"content":{"rendered":"<p>MINAS DE ELEVADA QUALIDADE COM F\u00d3RMULA EXTRA FORTE, ESPECIALMENTE RESISTENMINAS DE ELEVADA QUALIDADE COM F\u00d3RMULA EXTRA FORTE, ESPECIALMENTE RESISTENTE \u00c0 QUEBRA. DISPON\u00cdVEIS NUMA VASTA GAMA DE DUREZAS QUE SE ADAPTAM A TODO O TIPO DE DESENHOS, ESCRITA E ESBO\u00c7OS. ESTOJOS DE 12 MINAS.<\/p>\n","protected":false},"excerpt":{"rendered":"<p>PACK DE 10 UNIDADES<\/p>\n","protected":false},"featured_media":118295,"comment_status":"open","ping_status":"closed","template":"","meta":{"neve_meta_sidebar":"","neve_meta_container":"","neve_meta_enable_content_width":"","neve_meta_content_width":0,"neve_meta_title_alignment":"","neve_meta_author_avatar":"","neve_post_elements_order":"","neve_meta_disable_header":"","neve_meta_disable_footer":"","neve_meta_disable_title":""},"product_brand":[],"product_cat":[1766],"product_tag":[],"class_list":{"0":"post-107241","1":"product","2":"type-product","3":"status-publish","4":"has-post-thumbnail","6":"product_cat-minas","8":"first","9":"instock","10":"taxable","11":"shipping-taxable","12":"purchasable","13":"product-type-simple"},"_links":{"self":[{"href":"https:\/\/ifoffice.pt\/index.php?rest_route=\/wp\/v2\/product\/107241","targetHints":{"allow":["GET"]}}],"collection":[{"href":"https:\/\/ifoffice.pt\/index.php?rest_route=\/wp\/v2\/product"}],"about":[{"href":"https:\/\/ifoffice.pt\/index.php?rest_route=\/wp\/v2\/types\/product"}],"replies":[{"embeddable":true,"href":"https:\/\/ifoffice.pt\/index.php?rest_route=%2Fwp%2Fv2%2Fcomments&post=107241"}],"wp:featuredmedia":[{"embeddable":true,"href":"https:\/\/ifoffice.pt\/index.php?rest_route=\/wp\/v2\/media\/118295"}],"wp:attachment":[{"href":"https:\/\/ifoffice.pt\/index.php?rest_route=%2Fwp%2Fv2%2Fmedia&parent=107241"}],"wp:term":[{"taxonomy":"product_brand","embeddable":true,"href":"https:\/\/ifoffice.pt\/index.php?rest_route=%2Fwp%2Fv2%2Fproduct_brand&post=107241"},{"taxonomy":"product_cat","embeddable":true,"href":"https:\/\/ifoffice.pt\/index.php?rest_route=%2Fwp%2Fv2%2Fproduct_cat&post=107241"},{"taxonomy":"product_tag","embeddable":true,"href":"https:\/\/ifoffice.pt\/index.php?rest_route=%2Fwp%2Fv2%2Fproduct_tag&post=107241"}],"curies":[{"name":"wp","href":"https:\/\/api.w.org\/{rel}","templated":true}]}}