{"id":107133,"date":"2023-03-06T16:38:38","date_gmt":"2023-03-06T16:38:38","guid":{"rendered":"https:\/\/ifoffice.pt\/?post_type=product&#038;p=107133"},"modified":"2025-03-12T12:15:59","modified_gmt":"2025-03-12T12:15:59","slug":"164961","status":"publish","type":"product","link":"https:\/\/ifoffice.pt\/?product=164961","title":{"rendered":"Marcador sharpie permanente fino neon brilha com luz uv blister de 4 unidades cores sortidas"},"content":{"rendered":"<p>Marcador permanente com ponta fina. Efeito n\u00e9on e fluorescente no escuro. Escreve em papel, pl\u00e1stico, metal e em quase qualquer outro tipo de superf\u00edcie. Resistente \u00e0 \u00e1gua, secagem r\u00e1pida. Inclui 4 cores em cores sortidas. O blister.<\/p>\n","protected":false},"excerpt":{"rendered":"<p>Marcador permanente com ponta fina. Efeito n\u00e9on e fluorescente no escuro. Escreve em papel, pl\u00e1stico, metal e em quase qualquer outro tipo de superf\u00edcie. Resistente \u00e0 \u00e1gua, secagem r\u00e1pida. Inclui 4 cores em cores sortidas. O blister.<\/p>\n","protected":false},"featured_media":0,"comment_status":"open","ping_status":"closed","template":"","meta":{"neve_meta_sidebar":"","neve_meta_container":"","neve_meta_enable_content_width":"","neve_meta_content_width":0,"neve_meta_title_alignment":"","neve_meta_author_avatar":"","neve_post_elements_order":"","neve_meta_disable_header":"","neve_meta_disable_footer":"","neve_meta_disable_title":""},"product_brand":[],"product_cat":[1763],"product_tag":[2692],"class_list":{"0":"post-107133","1":"product","2":"type-product","3":"status-publish","5":"product_cat-marcadores-permanentes","6":"product_tag-marcadores-permanentes","8":"first","9":"outofstock","10":"taxable","11":"shipping-taxable","12":"purchasable","13":"product-type-simple"},"_links":{"self":[{"href":"https:\/\/ifoffice.pt\/index.php?rest_route=\/wp\/v2\/product\/107133","targetHints":{"allow":["GET"]}}],"collection":[{"href":"https:\/\/ifoffice.pt\/index.php?rest_route=\/wp\/v2\/product"}],"about":[{"href":"https:\/\/ifoffice.pt\/index.php?rest_route=\/wp\/v2\/types\/product"}],"replies":[{"embeddable":true,"href":"https:\/\/ifoffice.pt\/index.php?rest_route=%2Fwp%2Fv2%2Fcomments&post=107133"}],"wp:attachment":[{"href":"https:\/\/ifoffice.pt\/index.php?rest_route=%2Fwp%2Fv2%2Fmedia&parent=107133"}],"wp:term":[{"taxonomy":"product_brand","embeddable":true,"href":"https:\/\/ifoffice.pt\/index.php?rest_route=%2Fwp%2Fv2%2Fproduct_brand&post=107133"},{"taxonomy":"product_cat","embeddable":true,"href":"https:\/\/ifoffice.pt\/index.php?rest_route=%2Fwp%2Fv2%2Fproduct_cat&post=107133"},{"taxonomy":"product_tag","embeddable":true,"href":"https:\/\/ifoffice.pt\/index.php?rest_route=%2Fwp%2Fv2%2Fproduct_tag&post=107133"}],"curies":[{"name":"wp","href":"https:\/\/api.w.org\/{rel}","templated":true}]}}