{"id":107131,"date":"2023-03-06T16:38:37","date_gmt":"2023-03-06T16:38:37","guid":{"rendered":"https:\/\/ifoffice.pt\/?post_type=product&#038;p=107131"},"modified":"2025-03-12T12:15:58","modified_gmt":"2025-03-12T12:15:58","slug":"165017","status":"publish","type":"product","link":"https:\/\/ifoffice.pt\/?product=165017","title":{"rendered":"Lapis de cor stabilo aquacolor aguarelaveis estojo cartao de 12 cores sortidas"},"content":{"rendered":"<p>L\u00e1pis de cor aguarel\u00e1veis apresentados em estojo de cart\u00e3o. Cores intensas. Corpo hexagonal. Altura do l\u00e1pis: 174 mm. Di\u00e2metro do l\u00e1pis: 7 mm. Di\u00e2metro da mina: 2,8 mm. A caixa.<\/p>\n","protected":false},"excerpt":{"rendered":"<p>L\u00e1pis de cor aguarel\u00e1veis apresentados em estojo de cart\u00e3o. Cores intensas. Corpo hexagonal. Altura do l\u00e1pis: 174 mm. Di\u00e2metro do l\u00e1pis: 7 mm. Di\u00e2metro da mina: 2,8 mm. A caixa.<\/p>\n","protected":false},"featured_media":0,"comment_status":"open","ping_status":"closed","template":"","meta":{"neve_meta_sidebar":"","neve_meta_container":"","neve_meta_enable_content_width":"","neve_meta_content_width":0,"neve_meta_title_alignment":"","neve_meta_author_avatar":"","neve_post_elements_order":"","neve_meta_disable_header":"","neve_meta_disable_footer":"","neve_meta_disable_title":""},"product_brand":[],"product_cat":[1950],"product_tag":[2780],"class_list":{"0":"post-107131","1":"product","2":"type-product","3":"status-publish","5":"product_cat-aguarelas-e-lapis-de-aguarelas","6":"product_tag-aguarelas-e-lapis-de-aguarelas","8":"first","9":"outofstock","10":"taxable","11":"shipping-taxable","12":"purchasable","13":"product-type-simple"},"_links":{"self":[{"href":"https:\/\/ifoffice.pt\/index.php?rest_route=\/wp\/v2\/product\/107131","targetHints":{"allow":["GET"]}}],"collection":[{"href":"https:\/\/ifoffice.pt\/index.php?rest_route=\/wp\/v2\/product"}],"about":[{"href":"https:\/\/ifoffice.pt\/index.php?rest_route=\/wp\/v2\/types\/product"}],"replies":[{"embeddable":true,"href":"https:\/\/ifoffice.pt\/index.php?rest_route=%2Fwp%2Fv2%2Fcomments&post=107131"}],"wp:attachment":[{"href":"https:\/\/ifoffice.pt\/index.php?rest_route=%2Fwp%2Fv2%2Fmedia&parent=107131"}],"wp:term":[{"taxonomy":"product_brand","embeddable":true,"href":"https:\/\/ifoffice.pt\/index.php?rest_route=%2Fwp%2Fv2%2Fproduct_brand&post=107131"},{"taxonomy":"product_cat","embeddable":true,"href":"https:\/\/ifoffice.pt\/index.php?rest_route=%2Fwp%2Fv2%2Fproduct_cat&post=107131"},{"taxonomy":"product_tag","embeddable":true,"href":"https:\/\/ifoffice.pt\/index.php?rest_route=%2Fwp%2Fv2%2Fproduct_tag&post=107131"}],"curies":[{"name":"wp","href":"https:\/\/api.w.org\/{rel}","templated":true}]}}