{"id":107128,"date":"2023-03-06T16:38:36","date_gmt":"2023-03-06T16:38:36","guid":{"rendered":"https:\/\/ifoffice.pt\/?post_type=product&#038;p=107128"},"modified":"2025-03-12T12:15:56","modified_gmt":"2025-03-12T12:15:56","slug":"165021","status":"publish","type":"product","link":"https:\/\/ifoffice.pt\/produto\/165021\/","title":{"rendered":"Lapis de cor stabilo woody 3 em 1 arty line mina xxl estojo de 6 cores sortidas + apara lapis"},"content":{"rendered":"<p>L\u00e1pis de cor, aguarela e cera em um.  Pinta sobre diversas superf\u00edcies: vidro, espelhos, CD, quadros, papel, cart\u00e3o e caixas. Lava facilmente sobre vidro. Mina grossa de 10 mm. Cores de grande opacidade, fabricados em madeira proveniente de florestas sustent\u00e1veis. Altura do l\u00e1pis: 115 mm. Di\u00e2metro do l\u00e1pis: 15 mm. A caixa.<\/p>\n","protected":false},"excerpt":{"rendered":"<p>L\u00e1pis de cor, aguarela e cera em um. Pinta sobre diversas superf\u00edcies: vidro, espelhos, CD, quadros, papel, cart\u00e3o e caixas. Lava facilmente sobre vidro. Mina grossa de 10 mm. Cores de grande opacidade, fabricados em madeira proveniente de florestas sustent\u00e1veis. Altura do l\u00e1pis: 115 mm. Di\u00e2metro do l\u00e1pis: 15 mm. A caixa.<\/p>\n","protected":false},"featured_media":0,"comment_status":"open","ping_status":"closed","template":"","meta":{"neve_meta_sidebar":"","neve_meta_container":"","neve_meta_enable_content_width":"","neve_meta_content_width":0,"neve_meta_title_alignment":"","neve_meta_author_avatar":"","neve_post_elements_order":"","neve_meta_disable_header":"","neve_meta_disable_footer":"","neve_meta_disable_title":""},"product_brand":[],"product_cat":[1856],"product_tag":[2769],"class_list":{"0":"post-107128","1":"product","2":"type-product","3":"status-publish","5":"product_cat-lapis-de-cor","6":"product_tag-lapis-de-cor","8":"first","9":"outofstock","10":"taxable","11":"shipping-taxable","12":"purchasable","13":"product-type-simple"},"_links":{"self":[{"href":"https:\/\/ifoffice.pt\/wp-json\/wp\/v2\/product\/107128","targetHints":{"allow":["GET"]}}],"collection":[{"href":"https:\/\/ifoffice.pt\/wp-json\/wp\/v2\/product"}],"about":[{"href":"https:\/\/ifoffice.pt\/wp-json\/wp\/v2\/types\/product"}],"replies":[{"embeddable":true,"href":"https:\/\/ifoffice.pt\/wp-json\/wp\/v2\/comments?post=107128"}],"wp:attachment":[{"href":"https:\/\/ifoffice.pt\/wp-json\/wp\/v2\/media?parent=107128"}],"wp:term":[{"taxonomy":"product_brand","embeddable":true,"href":"https:\/\/ifoffice.pt\/wp-json\/wp\/v2\/product_brand?post=107128"},{"taxonomy":"product_cat","embeddable":true,"href":"https:\/\/ifoffice.pt\/wp-json\/wp\/v2\/product_cat?post=107128"},{"taxonomy":"product_tag","embeddable":true,"href":"https:\/\/ifoffice.pt\/wp-json\/wp\/v2\/product_tag?post=107128"}],"curies":[{"name":"wp","href":"https:\/\/api.w.org\/{rel}","templated":true}]}}