{"id":107119,"date":"2023-03-06T16:38:30","date_gmt":"2023-03-06T16:38:30","guid":{"rendered":"https:\/\/ifoffice.pt\/?post_type=product&#038;p=107119"},"modified":"2025-03-12T12:15:54","modified_gmt":"2025-03-12T12:15:54","slug":"165034","status":"publish","type":"product","link":"https:\/\/ifoffice.pt\/?product=165034","title":{"rendered":"Marcador stabilo point 88 \/ aguarelavel pen 68 arty line estojo cartao 36 unidades cores sortidas"},"content":{"rendered":"<p>Conjunto criativo com marcadores Point 88 e Pen 68. Alta prote\u00e7\u00e3o contra a secagem. Com cores brilhantes. Tra\u00e7o de 0,4 mm nos Point 88 e de 1 mm nos Pen 68. O estojo.<\/p>\n","protected":false},"excerpt":{"rendered":"<p>Conjunto criativo com marcadores Point 88 e Pen 68. Alta prote\u00e7\u00e3o contra a secagem. Com cores brilhantes. Tra\u00e7o de 0,4 mm nos Point 88 e de 1 mm nos Pen 68. O estojo.<\/p>\n","protected":false},"featured_media":0,"comment_status":"open","ping_status":"closed","template":"","meta":{"neve_meta_sidebar":"","neve_meta_container":"","neve_meta_enable_content_width":"","neve_meta_content_width":0,"neve_meta_title_alignment":"","neve_meta_author_avatar":"","neve_post_elements_order":"","neve_meta_disable_header":"","neve_meta_disable_footer":"","neve_meta_disable_title":""},"product_brand":[],"product_cat":[1751],"product_tag":[2681],"class_list":{"0":"post-107119","1":"product","2":"type-product","3":"status-publish","5":"product_cat-marcadores-de-feltro","6":"product_tag-marcadores-de-feltro","8":"first","9":"outofstock","10":"taxable","11":"shipping-taxable","12":"purchasable","13":"product-type-simple"},"_links":{"self":[{"href":"https:\/\/ifoffice.pt\/index.php?rest_route=\/wp\/v2\/product\/107119","targetHints":{"allow":["GET"]}}],"collection":[{"href":"https:\/\/ifoffice.pt\/index.php?rest_route=\/wp\/v2\/product"}],"about":[{"href":"https:\/\/ifoffice.pt\/index.php?rest_route=\/wp\/v2\/types\/product"}],"replies":[{"embeddable":true,"href":"https:\/\/ifoffice.pt\/index.php?rest_route=%2Fwp%2Fv2%2Fcomments&post=107119"}],"wp:attachment":[{"href":"https:\/\/ifoffice.pt\/index.php?rest_route=%2Fwp%2Fv2%2Fmedia&parent=107119"}],"wp:term":[{"taxonomy":"product_brand","embeddable":true,"href":"https:\/\/ifoffice.pt\/index.php?rest_route=%2Fwp%2Fv2%2Fproduct_brand&post=107119"},{"taxonomy":"product_cat","embeddable":true,"href":"https:\/\/ifoffice.pt\/index.php?rest_route=%2Fwp%2Fv2%2Fproduct_cat&post=107119"},{"taxonomy":"product_tag","embeddable":true,"href":"https:\/\/ifoffice.pt\/index.php?rest_route=%2Fwp%2Fv2%2Fproduct_tag&post=107119"}],"curies":[{"name":"wp","href":"https:\/\/api.w.org\/{rel}","templated":true}]}}