{"id":107118,"date":"2023-03-06T16:38:30","date_gmt":"2023-03-06T16:38:30","guid":{"rendered":"https:\/\/ifoffice.pt\/?post_type=product&#038;p=107118"},"modified":"2026-02-23T12:55:45","modified_gmt":"2026-02-23T12:55:45","slug":"165038","status":"publish","type":"product","link":"https:\/\/ifoffice.pt\/?product=165038","title":{"rendered":"Marcador stabilo ponta de fibra point 88 arty line estojo cartao de 65 unidades cores sortidas"},"content":{"rendered":"<p>Marcador com ponta de fibra e refor\u00e7o met\u00e1lico. Oferece uma escrita fina, apta para r\u00e9guas e escantilh\u00f5es. Tinta \u00e0 base de \u00e1gua. Tampa ventilada. Resistente \u00e0 secagem sem tampa. Tra\u00e7o de 0,4 mm. O estojo.<\/p>\n","protected":false},"excerpt":{"rendered":"<p>Marcador stabilo ponta de fibra point 88 arty line estojo cartao de 65 unidades cores sortidas<\/p>\n","protected":false},"featured_media":131760,"comment_status":"open","ping_status":"closed","template":"","meta":{"neve_meta_sidebar":"","neve_meta_container":"","neve_meta_enable_content_width":"","neve_meta_content_width":0,"neve_meta_title_alignment":"","neve_meta_author_avatar":"","neve_post_elements_order":"","neve_meta_disable_header":"","neve_meta_disable_footer":"","neve_meta_disable_title":""},"product_brand":[],"product_cat":[1751],"product_tag":[2681],"class_list":{"0":"post-107118","1":"product","2":"type-product","3":"status-publish","4":"has-post-thumbnail","6":"product_cat-marcadores-de-feltro","7":"product_tag-marcadores-de-feltro","9":"first","10":"instock","11":"taxable","12":"shipping-taxable","13":"purchasable","14":"product-type-simple"},"_links":{"self":[{"href":"https:\/\/ifoffice.pt\/index.php?rest_route=\/wp\/v2\/product\/107118","targetHints":{"allow":["GET"]}}],"collection":[{"href":"https:\/\/ifoffice.pt\/index.php?rest_route=\/wp\/v2\/product"}],"about":[{"href":"https:\/\/ifoffice.pt\/index.php?rest_route=\/wp\/v2\/types\/product"}],"replies":[{"embeddable":true,"href":"https:\/\/ifoffice.pt\/index.php?rest_route=%2Fwp%2Fv2%2Fcomments&post=107118"}],"wp:featuredmedia":[{"embeddable":true,"href":"https:\/\/ifoffice.pt\/index.php?rest_route=\/wp\/v2\/media\/131760"}],"wp:attachment":[{"href":"https:\/\/ifoffice.pt\/index.php?rest_route=%2Fwp%2Fv2%2Fmedia&parent=107118"}],"wp:term":[{"taxonomy":"product_brand","embeddable":true,"href":"https:\/\/ifoffice.pt\/index.php?rest_route=%2Fwp%2Fv2%2Fproduct_brand&post=107118"},{"taxonomy":"product_cat","embeddable":true,"href":"https:\/\/ifoffice.pt\/index.php?rest_route=%2Fwp%2Fv2%2Fproduct_cat&post=107118"},{"taxonomy":"product_tag","embeddable":true,"href":"https:\/\/ifoffice.pt\/index.php?rest_route=%2Fwp%2Fv2%2Fproduct_tag&post=107118"}],"curies":[{"name":"wp","href":"https:\/\/api.w.org\/{rel}","templated":true}]}}