{"id":107115,"date":"2023-03-06T16:38:29","date_gmt":"2023-03-06T16:38:29","guid":{"rendered":"https:\/\/ifoffice.pt\/?post_type=product&#038;p=107115"},"modified":"2026-02-23T12:55:45","modified_gmt":"2026-02-23T12:55:45","slug":"165041","status":"publish","type":"product","link":"https:\/\/ifoffice.pt\/?product=165041","title":{"rendered":"Marcador fluorescente stabilo boss 70 arty line cores quentes estojo cartao de 10 unidades cores"},"content":{"rendered":"<p>Marcador fluorescente anti secagem, at\u00e9 4 horas destapado sem secar para poder concentrar-se no trabalho. Resistente \u00e0 luz em todo tipo de papel: normal, fax, fotoc\u00f3pia, etc. Ponta biselada. Tra\u00e7o de 2-5mm. O estojo.<\/p>\n","protected":false},"excerpt":{"rendered":"<p>Marcador fluorescente stabilo boss 70 arty line cores quentes estojo cartao de 10 unidades cores<\/p>\n","protected":false},"featured_media":0,"comment_status":"open","ping_status":"closed","template":"","meta":{"neve_meta_sidebar":"","neve_meta_container":"","neve_meta_enable_content_width":"","neve_meta_content_width":0,"neve_meta_title_alignment":"","neve_meta_author_avatar":"","neve_post_elements_order":"","neve_meta_disable_header":"","neve_meta_disable_footer":"","neve_meta_disable_title":""},"product_brand":[],"product_cat":[1860],"product_tag":[2777],"class_list":{"0":"post-107115","1":"product","2":"type-product","3":"status-publish","5":"product_cat-marcadores-lapis-fluorescente","6":"product_tag-marcadores-lapis-fluorescente","8":"first","9":"instock","10":"taxable","11":"shipping-taxable","12":"purchasable","13":"product-type-simple"},"_links":{"self":[{"href":"https:\/\/ifoffice.pt\/index.php?rest_route=\/wp\/v2\/product\/107115","targetHints":{"allow":["GET"]}}],"collection":[{"href":"https:\/\/ifoffice.pt\/index.php?rest_route=\/wp\/v2\/product"}],"about":[{"href":"https:\/\/ifoffice.pt\/index.php?rest_route=\/wp\/v2\/types\/product"}],"replies":[{"embeddable":true,"href":"https:\/\/ifoffice.pt\/index.php?rest_route=%2Fwp%2Fv2%2Fcomments&post=107115"}],"wp:attachment":[{"href":"https:\/\/ifoffice.pt\/index.php?rest_route=%2Fwp%2Fv2%2Fmedia&parent=107115"}],"wp:term":[{"taxonomy":"product_brand","embeddable":true,"href":"https:\/\/ifoffice.pt\/index.php?rest_route=%2Fwp%2Fv2%2Fproduct_brand&post=107115"},{"taxonomy":"product_cat","embeddable":true,"href":"https:\/\/ifoffice.pt\/index.php?rest_route=%2Fwp%2Fv2%2Fproduct_cat&post=107115"},{"taxonomy":"product_tag","embeddable":true,"href":"https:\/\/ifoffice.pt\/index.php?rest_route=%2Fwp%2Fv2%2Fproduct_tag&post=107115"}],"curies":[{"name":"wp","href":"https:\/\/api.w.org\/{rel}","templated":true}]}}