{"id":107109,"date":"2023-03-06T16:38:25","date_gmt":"2023-03-06T16:38:25","guid":{"rendered":"https:\/\/ifoffice.pt\/?post_type=product&#038;p=107109"},"modified":"2026-02-23T12:55:43","modified_gmt":"2026-02-23T12:55:43","slug":"165049","status":"publish","type":"product","link":"https:\/\/ifoffice.pt\/?product=165049","title":{"rendered":"Marcador fluorescente stabilo swing cool pastel boiao de 100 unidades cores sortidas"},"content":{"rendered":"<p>Marcadores fluorescentes em cores pastel. Com tecnologia antisecagem (4 horas destapado). Tinta \u00e0 base de \u00e1gua, resistente \u00e0 luz em todo o tipo de papel: normal, fax, fotoc\u00f3pia, etc. Tampa ventilada. Ponta biselada. Tra\u00e7o de 2 a 5 mm. O marcador.<\/p>\n","protected":false},"excerpt":{"rendered":"<p>Marcador fluorescente stabilo swing cool pastel boiao de 100 unidades cores sortidas<\/p>\n","protected":false},"featured_media":0,"comment_status":"open","ping_status":"closed","template":"","meta":{"neve_meta_sidebar":"","neve_meta_container":"","neve_meta_enable_content_width":"","neve_meta_content_width":0,"neve_meta_title_alignment":"","neve_meta_author_avatar":"","neve_post_elements_order":"","neve_meta_disable_header":"","neve_meta_disable_footer":"","neve_meta_disable_title":""},"product_brand":[],"product_cat":[1860],"product_tag":[2777],"class_list":{"0":"post-107109","1":"product","2":"type-product","3":"status-publish","5":"product_cat-marcadores-lapis-fluorescente","6":"product_tag-marcadores-lapis-fluorescente","8":"first","9":"instock","10":"taxable","11":"shipping-taxable","12":"purchasable","13":"product-type-simple"},"_links":{"self":[{"href":"https:\/\/ifoffice.pt\/index.php?rest_route=\/wp\/v2\/product\/107109","targetHints":{"allow":["GET"]}}],"collection":[{"href":"https:\/\/ifoffice.pt\/index.php?rest_route=\/wp\/v2\/product"}],"about":[{"href":"https:\/\/ifoffice.pt\/index.php?rest_route=\/wp\/v2\/types\/product"}],"replies":[{"embeddable":true,"href":"https:\/\/ifoffice.pt\/index.php?rest_route=%2Fwp%2Fv2%2Fcomments&post=107109"}],"wp:attachment":[{"href":"https:\/\/ifoffice.pt\/index.php?rest_route=%2Fwp%2Fv2%2Fmedia&parent=107109"}],"wp:term":[{"taxonomy":"product_brand","embeddable":true,"href":"https:\/\/ifoffice.pt\/index.php?rest_route=%2Fwp%2Fv2%2Fproduct_brand&post=107109"},{"taxonomy":"product_cat","embeddable":true,"href":"https:\/\/ifoffice.pt\/index.php?rest_route=%2Fwp%2Fv2%2Fproduct_cat&post=107109"},{"taxonomy":"product_tag","embeddable":true,"href":"https:\/\/ifoffice.pt\/index.php?rest_route=%2Fwp%2Fv2%2Fproduct_tag&post=107109"}],"curies":[{"name":"wp","href":"https:\/\/api.w.org\/{rel}","templated":true}]}}