{"id":107107,"date":"2023-03-06T16:38:25","date_gmt":"2023-03-06T16:38:25","guid":{"rendered":"https:\/\/ifoffice.pt\/?post_type=product&#038;p=107107"},"modified":"2026-02-23T12:55:43","modified_gmt":"2026-02-23T12:55:43","slug":"165057","status":"publish","type":"product","link":"https:\/\/ifoffice.pt\/?product=165057","title":{"rendered":"Marcador fluorescente stabilo boss mini estojo de 5 unidades amarelo\/azul\/laranja\/rosa\/verde"},"content":{"rendered":"<p>O cl\u00e1ssico STABILO BOSS ORIGINAL em formato mini. Dispon\u00edvel em 5 cores fluorescentes. At\u00e9 4 horas destapado sem secar para se poder concentrar no trabalho. Resistente \u00e0 luz em todo tipo de papel: normal, fax e fotoc\u00f3pia. Ponta biselada. Tra\u00e7o de 2-5 mm. A caixa.<\/p>\n","protected":false},"excerpt":{"rendered":"<p>Marcador fluorescente stabilo boss mini estojo de 5 unidades amarelo\/azul\/laranja\/rosa\/verde<\/p>\n","protected":false},"featured_media":131747,"comment_status":"open","ping_status":"closed","template":"","meta":{"neve_meta_sidebar":"","neve_meta_container":"","neve_meta_enable_content_width":"","neve_meta_content_width":0,"neve_meta_title_alignment":"","neve_meta_author_avatar":"","neve_post_elements_order":"","neve_meta_disable_header":"","neve_meta_disable_footer":"","neve_meta_disable_title":""},"product_brand":[],"product_cat":[1860],"product_tag":[2777],"class_list":{"0":"post-107107","1":"product","2":"type-product","3":"status-publish","4":"has-post-thumbnail","6":"product_cat-marcadores-lapis-fluorescente","7":"product_tag-marcadores-lapis-fluorescente","9":"first","10":"instock","11":"taxable","12":"shipping-taxable","13":"purchasable","14":"product-type-simple"},"_links":{"self":[{"href":"https:\/\/ifoffice.pt\/index.php?rest_route=\/wp\/v2\/product\/107107","targetHints":{"allow":["GET"]}}],"collection":[{"href":"https:\/\/ifoffice.pt\/index.php?rest_route=\/wp\/v2\/product"}],"about":[{"href":"https:\/\/ifoffice.pt\/index.php?rest_route=\/wp\/v2\/types\/product"}],"replies":[{"embeddable":true,"href":"https:\/\/ifoffice.pt\/index.php?rest_route=%2Fwp%2Fv2%2Fcomments&post=107107"}],"wp:featuredmedia":[{"embeddable":true,"href":"https:\/\/ifoffice.pt\/index.php?rest_route=\/wp\/v2\/media\/131747"}],"wp:attachment":[{"href":"https:\/\/ifoffice.pt\/index.php?rest_route=%2Fwp%2Fv2%2Fmedia&parent=107107"}],"wp:term":[{"taxonomy":"product_brand","embeddable":true,"href":"https:\/\/ifoffice.pt\/index.php?rest_route=%2Fwp%2Fv2%2Fproduct_brand&post=107107"},{"taxonomy":"product_cat","embeddable":true,"href":"https:\/\/ifoffice.pt\/index.php?rest_route=%2Fwp%2Fv2%2Fproduct_cat&post=107107"},{"taxonomy":"product_tag","embeddable":true,"href":"https:\/\/ifoffice.pt\/index.php?rest_route=%2Fwp%2Fv2%2Fproduct_tag&post=107107"}],"curies":[{"name":"wp","href":"https:\/\/api.w.org\/{rel}","templated":true}]}}