{"id":107105,"date":"2023-03-06T16:38:24","date_gmt":"2023-03-06T16:38:24","guid":{"rendered":"https:\/\/ifoffice.pt\/?post_type=product&#038;p=107105"},"modified":"2026-02-23T12:55:42","modified_gmt":"2026-02-23T12:55:42","slug":"165077","status":"publish","type":"product","link":"https:\/\/ifoffice.pt\/?product=165077","title":{"rendered":"Expositor de parede archivo 2000 com furos ultra transparente din a4 horizontal 300&#215;235 mm"},"content":{"rendered":"<p>Expositor de parede com furos Archivo 2000 ultra transparente. DIN A4 vertical e horizontal. Inclui furos pr\u00e9-perfurados que facilitam a montagem na parede. N\u00e3o \u00e9 necess\u00e1rio retirar o expositor para trocar o documento.<\/p>\n","protected":false},"excerpt":{"rendered":"<p>Expositor de parede archivo 2000 com furos ultra transparente din a4 horizontal 300&#215;235 mm<\/p>\n","protected":false},"featured_media":113175,"comment_status":"open","ping_status":"closed","template":"","meta":{"neve_meta_sidebar":"","neve_meta_container":"","neve_meta_enable_content_width":"","neve_meta_content_width":0,"neve_meta_title_alignment":"","neve_meta_author_avatar":"","neve_post_elements_order":"","neve_meta_disable_header":"","neve_meta_disable_footer":"","neve_meta_disable_title":""},"product_brand":[],"product_cat":[1917],"product_tag":[2760],"class_list":{"0":"post-107105","1":"product","2":"type-product","3":"status-publish","4":"has-post-thumbnail","6":"product_cat-expositores","7":"product_tag-expositores","9":"first","10":"instock","11":"taxable","12":"shipping-taxable","13":"purchasable","14":"product-type-simple"},"_links":{"self":[{"href":"https:\/\/ifoffice.pt\/index.php?rest_route=\/wp\/v2\/product\/107105","targetHints":{"allow":["GET"]}}],"collection":[{"href":"https:\/\/ifoffice.pt\/index.php?rest_route=\/wp\/v2\/product"}],"about":[{"href":"https:\/\/ifoffice.pt\/index.php?rest_route=\/wp\/v2\/types\/product"}],"replies":[{"embeddable":true,"href":"https:\/\/ifoffice.pt\/index.php?rest_route=%2Fwp%2Fv2%2Fcomments&post=107105"}],"wp:featuredmedia":[{"embeddable":true,"href":"https:\/\/ifoffice.pt\/index.php?rest_route=\/wp\/v2\/media\/113175"}],"wp:attachment":[{"href":"https:\/\/ifoffice.pt\/index.php?rest_route=%2Fwp%2Fv2%2Fmedia&parent=107105"}],"wp:term":[{"taxonomy":"product_brand","embeddable":true,"href":"https:\/\/ifoffice.pt\/index.php?rest_route=%2Fwp%2Fv2%2Fproduct_brand&post=107105"},{"taxonomy":"product_cat","embeddable":true,"href":"https:\/\/ifoffice.pt\/index.php?rest_route=%2Fwp%2Fv2%2Fproduct_cat&post=107105"},{"taxonomy":"product_tag","embeddable":true,"href":"https:\/\/ifoffice.pt\/index.php?rest_route=%2Fwp%2Fv2%2Fproduct_tag&post=107105"}],"curies":[{"name":"wp","href":"https:\/\/api.w.org\/{rel}","templated":true}]}}