{"id":107095,"date":"2023-03-06T16:38:15","date_gmt":"2023-03-06T16:38:15","guid":{"rendered":"https:\/\/ifoffice.pt\/?post_type=product&#038;p=107095"},"modified":"2025-03-12T12:15:46","modified_gmt":"2025-03-12T12:15:46","slug":"165160","status":"publish","type":"product","link":"https:\/\/ifoffice.pt\/?product=165160","title":{"rendered":"Pasta de arquivo de alavanca exacompta aquarel cartao forrado din a4 lombada 80 mm cores pastel sortidas"},"content":{"rendered":"<p>Pasta de arquivo de alavanca desenhada em cart\u00e3o extremadamente r\u00edgido, revestido de papel plastificado de cor. Parte traseira redonda de 80 mm, mecanismo Prem&#8217;Touch. Forma ergon\u00f3mica, fecho por el\u00e1stico, etiqueta para identificar o conte\u00fado. Formato DIN A4. Cores pastel sortidas. Medidas: 300 x 320 mm.<\/p>\n","protected":false},"excerpt":{"rendered":"<p>PACK DE 6 UNIDADES<\/p>\n","protected":false},"featured_media":113174,"comment_status":"open","ping_status":"closed","template":"","meta":{"neve_meta_sidebar":"","neve_meta_container":"","neve_meta_enable_content_width":"","neve_meta_content_width":0,"neve_meta_title_alignment":"","neve_meta_author_avatar":"","neve_post_elements_order":"","neve_meta_disable_header":"","neve_meta_disable_footer":"","neve_meta_disable_title":""},"product_brand":[],"product_cat":[1822],"product_tag":[2811],"class_list":{"0":"post-107095","1":"product","2":"type-product","3":"status-publish","4":"has-post-thumbnail","6":"product_cat-pastas-de-arquivo","7":"product_tag-pastas-de-arquivo","9":"first","10":"outofstock","11":"taxable","12":"shipping-taxable","13":"purchasable","14":"product-type-simple"},"_links":{"self":[{"href":"https:\/\/ifoffice.pt\/index.php?rest_route=\/wp\/v2\/product\/107095","targetHints":{"allow":["GET"]}}],"collection":[{"href":"https:\/\/ifoffice.pt\/index.php?rest_route=\/wp\/v2\/product"}],"about":[{"href":"https:\/\/ifoffice.pt\/index.php?rest_route=\/wp\/v2\/types\/product"}],"replies":[{"embeddable":true,"href":"https:\/\/ifoffice.pt\/index.php?rest_route=%2Fwp%2Fv2%2Fcomments&post=107095"}],"wp:featuredmedia":[{"embeddable":true,"href":"https:\/\/ifoffice.pt\/index.php?rest_route=\/wp\/v2\/media\/113174"}],"wp:attachment":[{"href":"https:\/\/ifoffice.pt\/index.php?rest_route=%2Fwp%2Fv2%2Fmedia&parent=107095"}],"wp:term":[{"taxonomy":"product_brand","embeddable":true,"href":"https:\/\/ifoffice.pt\/index.php?rest_route=%2Fwp%2Fv2%2Fproduct_brand&post=107095"},{"taxonomy":"product_cat","embeddable":true,"href":"https:\/\/ifoffice.pt\/index.php?rest_route=%2Fwp%2Fv2%2Fproduct_cat&post=107095"},{"taxonomy":"product_tag","embeddable":true,"href":"https:\/\/ifoffice.pt\/index.php?rest_route=%2Fwp%2Fv2%2Fproduct_tag&post=107095"}],"curies":[{"name":"wp","href":"https:\/\/api.w.org\/{rel}","templated":true}]}}