{"id":107094,"date":"2023-03-06T16:38:11","date_gmt":"2023-03-06T16:38:11","guid":{"rendered":"https:\/\/ifoffice.pt\/?post_type=product&#038;p=107094"},"modified":"2025-03-12T12:15:46","modified_gmt":"2025-03-12T12:15:46","slug":"165166","status":"publish","type":"product","link":"https:\/\/ifoffice.pt\/?product=165166","title":{"rendered":"Porta lapis exacompta aquarel cartao 4 compartimentos cores pastel sortidas"},"content":{"rendered":"<p>Porta l\u00e1pis quadrado de 4 compartimentos em cart\u00e3o. Com base alargada para uma maior estabilidade.  Cores sortidas: azul, coral, malva e verde. N\u00e3o inclui acess\u00f3rios. Medidas: 85 x 80 x 110 mm.<\/p>\n","protected":false},"excerpt":{"rendered":"<p>Porta l\u00e1pis quadrado de 4 compartimentos em cart\u00e3o. Com base alargada para uma maior estabilidade. Cores sortidas: azul, coral, malva e verde. N\u00e3o inclui acess\u00f3rios. Medidas: 85 x 80 x 110 mm.<\/p>\n","protected":false},"featured_media":113173,"comment_status":"open","ping_status":"closed","template":"","meta":{"neve_meta_sidebar":"","neve_meta_container":"","neve_meta_enable_content_width":"","neve_meta_content_width":0,"neve_meta_title_alignment":"","neve_meta_author_avatar":"","neve_post_elements_order":"","neve_meta_disable_header":"","neve_meta_disable_footer":"","neve_meta_disable_title":""},"product_brand":[],"product_cat":[1832],"product_tag":[2848],"class_list":{"0":"post-107094","1":"product","2":"type-product","3":"status-publish","4":"has-post-thumbnail","6":"product_cat-porta-lapis","7":"product_tag-porta-lapis-2","9":"first","10":"outofstock","11":"taxable","12":"shipping-taxable","13":"purchasable","14":"product-type-simple"},"_links":{"self":[{"href":"https:\/\/ifoffice.pt\/index.php?rest_route=\/wp\/v2\/product\/107094","targetHints":{"allow":["GET"]}}],"collection":[{"href":"https:\/\/ifoffice.pt\/index.php?rest_route=\/wp\/v2\/product"}],"about":[{"href":"https:\/\/ifoffice.pt\/index.php?rest_route=\/wp\/v2\/types\/product"}],"replies":[{"embeddable":true,"href":"https:\/\/ifoffice.pt\/index.php?rest_route=%2Fwp%2Fv2%2Fcomments&post=107094"}],"wp:featuredmedia":[{"embeddable":true,"href":"https:\/\/ifoffice.pt\/index.php?rest_route=\/wp\/v2\/media\/113173"}],"wp:attachment":[{"href":"https:\/\/ifoffice.pt\/index.php?rest_route=%2Fwp%2Fv2%2Fmedia&parent=107094"}],"wp:term":[{"taxonomy":"product_brand","embeddable":true,"href":"https:\/\/ifoffice.pt\/index.php?rest_route=%2Fwp%2Fv2%2Fproduct_brand&post=107094"},{"taxonomy":"product_cat","embeddable":true,"href":"https:\/\/ifoffice.pt\/index.php?rest_route=%2Fwp%2Fv2%2Fproduct_cat&post=107094"},{"taxonomy":"product_tag","embeddable":true,"href":"https:\/\/ifoffice.pt\/index.php?rest_route=%2Fwp%2Fv2%2Fproduct_tag&post=107094"}],"curies":[{"name":"wp","href":"https:\/\/api.w.org\/{rel}","templated":true}]}}