{"id":107092,"date":"2023-03-06T16:38:10","date_gmt":"2023-03-06T16:38:10","guid":{"rendered":"https:\/\/ifoffice.pt\/?post_type=product&#038;p=107092"},"modified":"2025-03-12T14:23:29","modified_gmt":"2025-03-12T14:23:29","slug":"165168","status":"publish","type":"product","link":"https:\/\/ifoffice.pt\/?product=165168","title":{"rendered":"Organizador exacompta aquarel cartao forrado 3 compartimentos cores pastel sortidas 250x100x140 mm"},"content":{"rendered":"<p>Organizador vertical de cart\u00e3o com 3 compartimentos, compat\u00edvel com envelopes DL (220 x 110 mm) e C6 (162 x 114 mm). Forma biselada para se adaptar a diferentes alturas de conte\u00fado. Cores sortidas: azul, coral, lil\u00e1s e verde. Medidas: 250 x 100 x 140 mm.<\/p>\n","protected":false},"excerpt":{"rendered":"<p>PACK DE 4 UNIDADES<\/p>\n","protected":false},"featured_media":113171,"comment_status":"open","ping_status":"closed","template":"","meta":{"neve_meta_sidebar":"","neve_meta_container":"","neve_meta_enable_content_width":"","neve_meta_content_width":0,"neve_meta_title_alignment":"","neve_meta_author_avatar":"","neve_post_elements_order":"","neve_meta_disable_header":"","neve_meta_disable_footer":"","neve_meta_disable_title":""},"product_brand":[],"product_cat":[1899],"product_tag":[2788],"class_list":{"0":"post-107092","1":"product","2":"type-product","3":"status-publish","4":"has-post-thumbnail","6":"product_cat-armarios","7":"product_tag-armarios-2","9":"first","10":"instock","11":"taxable","12":"shipping-taxable","13":"purchasable","14":"product-type-simple"},"_links":{"self":[{"href":"https:\/\/ifoffice.pt\/index.php?rest_route=\/wp\/v2\/product\/107092","targetHints":{"allow":["GET"]}}],"collection":[{"href":"https:\/\/ifoffice.pt\/index.php?rest_route=\/wp\/v2\/product"}],"about":[{"href":"https:\/\/ifoffice.pt\/index.php?rest_route=\/wp\/v2\/types\/product"}],"replies":[{"embeddable":true,"href":"https:\/\/ifoffice.pt\/index.php?rest_route=%2Fwp%2Fv2%2Fcomments&post=107092"}],"wp:featuredmedia":[{"embeddable":true,"href":"https:\/\/ifoffice.pt\/index.php?rest_route=\/wp\/v2\/media\/113171"}],"wp:attachment":[{"href":"https:\/\/ifoffice.pt\/index.php?rest_route=%2Fwp%2Fv2%2Fmedia&parent=107092"}],"wp:term":[{"taxonomy":"product_brand","embeddable":true,"href":"https:\/\/ifoffice.pt\/index.php?rest_route=%2Fwp%2Fv2%2Fproduct_brand&post=107092"},{"taxonomy":"product_cat","embeddable":true,"href":"https:\/\/ifoffice.pt\/index.php?rest_route=%2Fwp%2Fv2%2Fproduct_cat&post=107092"},{"taxonomy":"product_tag","embeddable":true,"href":"https:\/\/ifoffice.pt\/index.php?rest_route=%2Fwp%2Fv2%2Fproduct_tag&post=107092"}],"curies":[{"name":"wp","href":"https:\/\/api.w.org\/{rel}","templated":true}]}}