{"id":107072,"date":"2023-03-06T16:37:58","date_gmt":"2023-03-06T16:37:58","guid":{"rendered":"https:\/\/ifoffice.pt\/?post_type=product&#038;p=107072"},"modified":"2026-02-23T12:55:35","modified_gmt":"2026-02-23T12:55:35","slug":"165309","status":"publish","type":"product","link":"https:\/\/ifoffice.pt\/?product=165309","title":{"rendered":"Expositor pelikan de secretaria erase 2.0 conteudo 60 rollers cores sortidas e 36 recargas cores sortidas"},"content":{"rendered":"<p>Roller de tinta gel Premium Quality. Apag\u00e1vel sem res\u00edduos. Design ergon\u00f3mico e grip suave. Ponta m\u00e9dia de 0,7 mm. Dispon\u00edvel em 3 cores de escrita. O roller.<\/p>\n","protected":false},"excerpt":{"rendered":"<p>Expositor pelikan de secretaria erase 2.0 conteudo 60 rollers cores sortidas e 36 recargas cores sortidas<\/p>\n","protected":false},"featured_media":113156,"comment_status":"open","ping_status":"closed","template":"","meta":{"neve_meta_sidebar":"","neve_meta_container":"","neve_meta_enable_content_width":"","neve_meta_content_width":0,"neve_meta_title_alignment":"","neve_meta_author_avatar":"","neve_post_elements_order":"","neve_meta_disable_header":"","neve_meta_disable_footer":"","neve_meta_disable_title":""},"product_brand":[],"product_cat":[1767],"product_tag":[2695],"class_list":{"0":"post-107072","1":"product","2":"type-product","3":"status-publish","4":"has-post-thumbnail","6":"product_cat-marcadores-roller","7":"product_tag-marcadores-roller","9":"first","10":"instock","11":"taxable","12":"shipping-taxable","13":"purchasable","14":"product-type-simple"},"_links":{"self":[{"href":"https:\/\/ifoffice.pt\/index.php?rest_route=\/wp\/v2\/product\/107072","targetHints":{"allow":["GET"]}}],"collection":[{"href":"https:\/\/ifoffice.pt\/index.php?rest_route=\/wp\/v2\/product"}],"about":[{"href":"https:\/\/ifoffice.pt\/index.php?rest_route=\/wp\/v2\/types\/product"}],"replies":[{"embeddable":true,"href":"https:\/\/ifoffice.pt\/index.php?rest_route=%2Fwp%2Fv2%2Fcomments&post=107072"}],"wp:featuredmedia":[{"embeddable":true,"href":"https:\/\/ifoffice.pt\/index.php?rest_route=\/wp\/v2\/media\/113156"}],"wp:attachment":[{"href":"https:\/\/ifoffice.pt\/index.php?rest_route=%2Fwp%2Fv2%2Fmedia&parent=107072"}],"wp:term":[{"taxonomy":"product_brand","embeddable":true,"href":"https:\/\/ifoffice.pt\/index.php?rest_route=%2Fwp%2Fv2%2Fproduct_brand&post=107072"},{"taxonomy":"product_cat","embeddable":true,"href":"https:\/\/ifoffice.pt\/index.php?rest_route=%2Fwp%2Fv2%2Fproduct_cat&post=107072"},{"taxonomy":"product_tag","embeddable":true,"href":"https:\/\/ifoffice.pt\/index.php?rest_route=%2Fwp%2Fv2%2Fproduct_tag&post=107072"}],"curies":[{"name":"wp","href":"https:\/\/api.w.org\/{rel}","templated":true}]}}