{"id":107044,"date":"2023-03-06T16:37:37","date_gmt":"2023-03-06T16:37:37","guid":{"rendered":"https:\/\/ifoffice.pt\/?post_type=product&#038;p=107044"},"modified":"2025-03-12T12:15:30","modified_gmt":"2025-03-12T12:15:30","slug":"165436","status":"publish","type":"product","link":"https:\/\/ifoffice.pt\/produto\/165436\/","title":{"rendered":"Fita adesiva tarifold seguranca para marcacao e sinalizacao de chao 33 mt x 50 mm cor preto\/amarelo"},"content":{"rendered":"<p>Fita adesiva de seguran\u00e7a para marca\u00e7\u00e3o e se\u00f1aliza\u00e7\u00e3o de solo. Medidas: 50 mm x 33 m.<\/p>\n","protected":false},"excerpt":{"rendered":"<p>Fita adesiva de seguran\u00e7a para marca\u00e7\u00e3o e se\u00f1aliza\u00e7\u00e3o de solo. Medidas: 50 mm x 33 m.<\/p>\n","protected":false},"featured_media":113129,"comment_status":"open","ping_status":"closed","template":"","meta":{"neve_meta_sidebar":"","neve_meta_container":"","neve_meta_enable_content_width":"","neve_meta_content_width":0,"neve_meta_title_alignment":"","neve_meta_author_avatar":"","neve_post_elements_order":"","neve_meta_disable_header":"","neve_meta_disable_footer":"","neve_meta_disable_title":""},"product_brand":[],"product_cat":[1911],"product_tag":[2806],"class_list":{"0":"post-107044","1":"product","2":"type-product","3":"status-publish","4":"has-post-thumbnail","6":"product_cat-pictogramas","7":"product_tag-pictogramas","9":"first","10":"outofstock","11":"taxable","12":"shipping-taxable","13":"purchasable","14":"product-type-simple"},"_links":{"self":[{"href":"https:\/\/ifoffice.pt\/wp-json\/wp\/v2\/product\/107044","targetHints":{"allow":["GET"]}}],"collection":[{"href":"https:\/\/ifoffice.pt\/wp-json\/wp\/v2\/product"}],"about":[{"href":"https:\/\/ifoffice.pt\/wp-json\/wp\/v2\/types\/product"}],"replies":[{"embeddable":true,"href":"https:\/\/ifoffice.pt\/wp-json\/wp\/v2\/comments?post=107044"}],"wp:featuredmedia":[{"embeddable":true,"href":"https:\/\/ifoffice.pt\/wp-json\/wp\/v2\/media\/113129"}],"wp:attachment":[{"href":"https:\/\/ifoffice.pt\/wp-json\/wp\/v2\/media?parent=107044"}],"wp:term":[{"taxonomy":"product_brand","embeddable":true,"href":"https:\/\/ifoffice.pt\/wp-json\/wp\/v2\/product_brand?post=107044"},{"taxonomy":"product_cat","embeddable":true,"href":"https:\/\/ifoffice.pt\/wp-json\/wp\/v2\/product_cat?post=107044"},{"taxonomy":"product_tag","embeddable":true,"href":"https:\/\/ifoffice.pt\/wp-json\/wp\/v2\/product_tag?post=107044"}],"curies":[{"name":"wp","href":"https:\/\/api.w.org\/{rel}","templated":true}]}}