{"id":107036,"date":"2023-03-06T16:37:34","date_gmt":"2023-03-06T16:37:34","guid":{"rendered":"https:\/\/ifoffice.pt\/?post_type=product&#038;p=107036"},"modified":"2026-02-23T12:55:26","modified_gmt":"2026-02-23T12:55:26","slug":"165477","status":"publish","type":"product","link":"https:\/\/ifoffice.pt\/?product=165477","title":{"rendered":"Guilhotina de alavanca dahle 507 com base metalica din a4 capacidade de corte 8 folhas"},"content":{"rendered":"<p>Cisalha rotativa compacta para uso dom\u00e9stico. Linhas de formato \u00fateis com divis\u00f5es em mm ao longo da ponta da mesa facilitam o alinhamento do objeto a ser cortado. . L\u00e2mina inferior de a\u00e7o. Dois batentes angulares com escala em mm para um corte exato de 90\u00b0. Mesa s\u00f3lida de metal com p\u00e9s de borracha antideslizantes para um apoio firme. L\u00e2mina circular de a\u00e7o auto afi\u00e1vel, retificada na cabe\u00e7a de corte de seguran\u00e7a fechada. Carril de prensa com marcas de ajuda. Press\u00e3o autom\u00e1tica no local de corte para fixa\u00e7\u00e3o r\u00e1pida do objeto a cortar.<\/p>\n","protected":false},"excerpt":{"rendered":"<p>Guilhotina de alavanca dahle 507 com base metalica din a4 capacidade de corte 8 folhas<\/p>\n","protected":false},"featured_media":0,"comment_status":"open","ping_status":"closed","template":"","meta":{"neve_meta_sidebar":"","neve_meta_container":"","neve_meta_enable_content_width":"","neve_meta_content_width":0,"neve_meta_title_alignment":"","neve_meta_author_avatar":"","neve_post_elements_order":"","neve_meta_disable_header":"","neve_meta_disable_footer":"","neve_meta_disable_title":""},"product_brand":[],"product_cat":[1878],"product_tag":[2805],"class_list":{"0":"post-107036","1":"product","2":"type-product","3":"status-publish","5":"product_cat-cisalhas-e-guilhotinas","6":"product_tag-cisalhas-e-guilhotinas","8":"first","9":"instock","10":"taxable","11":"shipping-taxable","12":"purchasable","13":"product-type-simple"},"_links":{"self":[{"href":"https:\/\/ifoffice.pt\/index.php?rest_route=\/wp\/v2\/product\/107036","targetHints":{"allow":["GET"]}}],"collection":[{"href":"https:\/\/ifoffice.pt\/index.php?rest_route=\/wp\/v2\/product"}],"about":[{"href":"https:\/\/ifoffice.pt\/index.php?rest_route=\/wp\/v2\/types\/product"}],"replies":[{"embeddable":true,"href":"https:\/\/ifoffice.pt\/index.php?rest_route=%2Fwp%2Fv2%2Fcomments&post=107036"}],"wp:attachment":[{"href":"https:\/\/ifoffice.pt\/index.php?rest_route=%2Fwp%2Fv2%2Fmedia&parent=107036"}],"wp:term":[{"taxonomy":"product_brand","embeddable":true,"href":"https:\/\/ifoffice.pt\/index.php?rest_route=%2Fwp%2Fv2%2Fproduct_brand&post=107036"},{"taxonomy":"product_cat","embeddable":true,"href":"https:\/\/ifoffice.pt\/index.php?rest_route=%2Fwp%2Fv2%2Fproduct_cat&post=107036"},{"taxonomy":"product_tag","embeddable":true,"href":"https:\/\/ifoffice.pt\/index.php?rest_route=%2Fwp%2Fv2%2Fproduct_tag&post=107036"}],"curies":[{"name":"wp","href":"https:\/\/api.w.org\/{rel}","templated":true}]}}