{"id":107034,"date":"2023-03-06T16:37:29","date_gmt":"2023-03-06T16:37:29","guid":{"rendered":"https:\/\/ifoffice.pt\/?post_type=product&#038;p=107034"},"modified":"2026-02-23T12:55:26","modified_gmt":"2026-02-23T12:55:26","slug":"165482","status":"publish","type":"product","link":"https:\/\/ifoffice.pt\/?product=165482","title":{"rendered":"Guilhotina de alavanca dahle 534 com base metalica din a3 capacidade de corte 15 folhas"},"content":{"rendered":"<p>Guilhotina compacta com base s\u00f3lida de metal com cantos redondos e p\u00e9s de borracha antideslizantes para uma posi\u00e7\u00e3o segura. Capacidade de corte de 15 folhas. Linhas de formato com divis\u00f5es em mm que facilitam o alinhamento do objeto a cortar. Cabo ergon\u00f3mico. Dois batentes angulares com escala em mm para um corte exato de 90\u00b0. L\u00e2mina superior de a\u00e7o aparafusada ao dorso da l\u00e2mina de a\u00e7o s\u00f3lido. Paragem posterior ajust\u00e1vel para dete\u00e7\u00e3o r\u00e1pida do formato. Comprimento de corte 460 mm. Medidas: 569 x 285 mm.<\/p>\n","protected":false},"excerpt":{"rendered":"<p>Guilhotina de alavanca dahle 534 com base metalica din a3 capacidade de corte 15 folhas<\/p>\n","protected":false},"featured_media":134172,"comment_status":"open","ping_status":"closed","template":"","meta":{"neve_meta_sidebar":"","neve_meta_container":"","neve_meta_enable_content_width":"off","neve_meta_content_width":100,"neve_meta_title_alignment":"","neve_meta_author_avatar":"","neve_post_elements_order":"","neve_meta_disable_header":"","neve_meta_disable_footer":"","neve_meta_disable_title":""},"product_brand":[],"product_cat":[1878],"product_tag":[2805],"class_list":{"0":"post-107034","1":"product","2":"type-product","3":"status-publish","4":"has-post-thumbnail","6":"product_cat-cisalhas-e-guilhotinas","7":"product_tag-cisalhas-e-guilhotinas","9":"first","10":"instock","11":"taxable","12":"shipping-taxable","13":"purchasable","14":"product-type-simple"},"_links":{"self":[{"href":"https:\/\/ifoffice.pt\/index.php?rest_route=\/wp\/v2\/product\/107034","targetHints":{"allow":["GET"]}}],"collection":[{"href":"https:\/\/ifoffice.pt\/index.php?rest_route=\/wp\/v2\/product"}],"about":[{"href":"https:\/\/ifoffice.pt\/index.php?rest_route=\/wp\/v2\/types\/product"}],"replies":[{"embeddable":true,"href":"https:\/\/ifoffice.pt\/index.php?rest_route=%2Fwp%2Fv2%2Fcomments&post=107034"}],"wp:featuredmedia":[{"embeddable":true,"href":"https:\/\/ifoffice.pt\/index.php?rest_route=\/wp\/v2\/media\/134172"}],"wp:attachment":[{"href":"https:\/\/ifoffice.pt\/index.php?rest_route=%2Fwp%2Fv2%2Fmedia&parent=107034"}],"wp:term":[{"taxonomy":"product_brand","embeddable":true,"href":"https:\/\/ifoffice.pt\/index.php?rest_route=%2Fwp%2Fv2%2Fproduct_brand&post=107034"},{"taxonomy":"product_cat","embeddable":true,"href":"https:\/\/ifoffice.pt\/index.php?rest_route=%2Fwp%2Fv2%2Fproduct_cat&post=107034"},{"taxonomy":"product_tag","embeddable":true,"href":"https:\/\/ifoffice.pt\/index.php?rest_route=%2Fwp%2Fv2%2Fproduct_tag&post=107034"}],"curies":[{"name":"wp","href":"https:\/\/api.w.org\/{rel}","templated":true}]}}