{"id":107021,"date":"2023-03-06T16:37:20","date_gmt":"2023-03-06T16:37:20","guid":{"rendered":"https:\/\/ifoffice.pt\/?post_type=product&#038;p=107021"},"modified":"2026-02-23T12:55:19","modified_gmt":"2026-02-23T12:55:19","slug":"165786","status":"publish","type":"product","link":"https:\/\/ifoffice.pt\/?product=165786","title":{"rendered":"Expositor de parede archivo 2000 metacrilato um compartiment0 din a4 transparente 225x50x244 mm"},"content":{"rendered":"<p>Expositor de metacrilato de grande resist\u00eancia ideal para brochuras e outros documentos. Posi\u00e7\u00e3o vertical. Um compartimento. A cor transparente cristal assegura uma apresenta\u00e7\u00e3o atrativa e uma f\u00e1cil localiza\u00e7\u00e3o do conte\u00fado. Com furos na parte de tr\u00e1s para facilitar a coloca\u00e7\u00e3o na parede.<\/p>\n","protected":false},"excerpt":{"rendered":"<p>Expositor de parede archivo 2000 metacrilato um compartiment0 din a4 transparente 225x50x244 mm<\/p>\n","protected":false},"featured_media":113117,"comment_status":"open","ping_status":"closed","template":"","meta":{"neve_meta_sidebar":"","neve_meta_container":"","neve_meta_enable_content_width":"","neve_meta_content_width":0,"neve_meta_title_alignment":"","neve_meta_author_avatar":"","neve_post_elements_order":"","neve_meta_disable_header":"","neve_meta_disable_footer":"","neve_meta_disable_title":""},"product_brand":[],"product_cat":[1917],"product_tag":[2760],"class_list":{"0":"post-107021","1":"product","2":"type-product","3":"status-publish","4":"has-post-thumbnail","6":"product_cat-expositores","7":"product_tag-expositores","9":"first","10":"instock","11":"taxable","12":"shipping-taxable","13":"purchasable","14":"product-type-simple"},"_links":{"self":[{"href":"https:\/\/ifoffice.pt\/index.php?rest_route=\/wp\/v2\/product\/107021","targetHints":{"allow":["GET"]}}],"collection":[{"href":"https:\/\/ifoffice.pt\/index.php?rest_route=\/wp\/v2\/product"}],"about":[{"href":"https:\/\/ifoffice.pt\/index.php?rest_route=\/wp\/v2\/types\/product"}],"replies":[{"embeddable":true,"href":"https:\/\/ifoffice.pt\/index.php?rest_route=%2Fwp%2Fv2%2Fcomments&post=107021"}],"wp:featuredmedia":[{"embeddable":true,"href":"https:\/\/ifoffice.pt\/index.php?rest_route=\/wp\/v2\/media\/113117"}],"wp:attachment":[{"href":"https:\/\/ifoffice.pt\/index.php?rest_route=%2Fwp%2Fv2%2Fmedia&parent=107021"}],"wp:term":[{"taxonomy":"product_brand","embeddable":true,"href":"https:\/\/ifoffice.pt\/index.php?rest_route=%2Fwp%2Fv2%2Fproduct_brand&post=107021"},{"taxonomy":"product_cat","embeddable":true,"href":"https:\/\/ifoffice.pt\/index.php?rest_route=%2Fwp%2Fv2%2Fproduct_cat&post=107021"},{"taxonomy":"product_tag","embeddable":true,"href":"https:\/\/ifoffice.pt\/index.php?rest_route=%2Fwp%2Fv2%2Fproduct_tag&post=107021"}],"curies":[{"name":"wp","href":"https:\/\/api.w.org\/{rel}","templated":true}]}}