{"id":107019,"date":"2023-03-06T16:37:20","date_gmt":"2023-03-06T16:37:20","guid":{"rendered":"https:\/\/ifoffice.pt\/?post_type=product&#038;p=107019"},"modified":"2026-02-23T12:55:18","modified_gmt":"2026-02-23T12:55:18","slug":"165818","status":"publish","type":"product","link":"https:\/\/ifoffice.pt\/?product=165818","title":{"rendered":"Recarga para x-ato q-connect kf00289 blister de 5 unidades"},"content":{"rendered":"<p>L\u00e2minas de recarga de 6 mm de largura, compat\u00edveis com bisturi KF00289 (c\u00f3d. 36070). Blister de 5 l\u00e2minas.<\/p>\n","protected":false},"excerpt":{"rendered":"<p>Recarga para x-ato q-connect kf00289 blister de 5 unidades<\/p>\n","protected":false},"featured_media":113115,"comment_status":"open","ping_status":"closed","template":"","meta":{"neve_meta_sidebar":"","neve_meta_container":"","neve_meta_enable_content_width":"off","neve_meta_content_width":100,"neve_meta_title_alignment":"","neve_meta_author_avatar":"","neve_post_elements_order":"","neve_meta_disable_header":"","neve_meta_disable_footer":"","neve_meta_disable_title":""},"product_brand":[],"product_cat":[2815],"product_tag":[2803],"class_list":{"0":"post-107019","1":"product","2":"type-product","3":"status-publish","4":"has-post-thumbnail","6":"product_cat-x-actos","7":"product_tag-x-actos","9":"first","10":"instock","11":"taxable","12":"shipping-taxable","13":"purchasable","14":"product-type-simple"},"_links":{"self":[{"href":"https:\/\/ifoffice.pt\/index.php?rest_route=\/wp\/v2\/product\/107019","targetHints":{"allow":["GET"]}}],"collection":[{"href":"https:\/\/ifoffice.pt\/index.php?rest_route=\/wp\/v2\/product"}],"about":[{"href":"https:\/\/ifoffice.pt\/index.php?rest_route=\/wp\/v2\/types\/product"}],"replies":[{"embeddable":true,"href":"https:\/\/ifoffice.pt\/index.php?rest_route=%2Fwp%2Fv2%2Fcomments&post=107019"}],"wp:featuredmedia":[{"embeddable":true,"href":"https:\/\/ifoffice.pt\/index.php?rest_route=\/wp\/v2\/media\/113115"}],"wp:attachment":[{"href":"https:\/\/ifoffice.pt\/index.php?rest_route=%2Fwp%2Fv2%2Fmedia&parent=107019"}],"wp:term":[{"taxonomy":"product_brand","embeddable":true,"href":"https:\/\/ifoffice.pt\/index.php?rest_route=%2Fwp%2Fv2%2Fproduct_brand&post=107019"},{"taxonomy":"product_cat","embeddable":true,"href":"https:\/\/ifoffice.pt\/index.php?rest_route=%2Fwp%2Fv2%2Fproduct_cat&post=107019"},{"taxonomy":"product_tag","embeddable":true,"href":"https:\/\/ifoffice.pt\/index.php?rest_route=%2Fwp%2Fv2%2Fproduct_tag&post=107019"}],"curies":[{"name":"wp","href":"https:\/\/api.w.org\/{rel}","templated":true}]}}