{"id":107010,"date":"2023-03-06T16:37:14","date_gmt":"2023-03-06T16:37:14","guid":{"rendered":"https:\/\/ifoffice.pt\/?post_type=product&#038;p=107010"},"modified":"2026-02-23T12:55:16","modified_gmt":"2026-02-23T12:55:16","slug":"165914","status":"publish","type":"product","link":"https:\/\/ifoffice.pt\/?product=165914","title":{"rendered":"Estojo escolar antartik triplo cor vermelho 36 pecas 200x125x65 mm"},"content":{"rendered":"<p>Estojo de tecido de alta qualidade com 3 fechos. Cont\u00e9m: 12 marcadores, 18 l\u00e1pis de cor, 1 apara l\u00e1pis, 2 l\u00e1pis HB, 1 borracha, 1 r\u00e9gua e 1 transferidor de 10 cm. Medidas: 200 x 125 x 65 mm. O estojo.<\/p>\n","protected":false},"excerpt":{"rendered":"<p>Estojo escolar antartik triplo cor vermelho 36 pecas 200x125x65 mm<\/p>\n","protected":false},"featured_media":113106,"comment_status":"open","ping_status":"closed","template":"","meta":{"neve_meta_sidebar":"","neve_meta_container":"","neve_meta_enable_content_width":"","neve_meta_content_width":0,"neve_meta_title_alignment":"","neve_meta_author_avatar":"","neve_post_elements_order":"","neve_meta_disable_header":"","neve_meta_disable_footer":"","neve_meta_disable_title":""},"product_brand":[],"product_cat":[1856],"product_tag":[2880],"class_list":{"0":"post-107010","1":"product","2":"type-product","3":"status-publish","4":"has-post-thumbnail","6":"product_cat-lapis-de-cor","7":"product_tag-escolar2023","9":"first","10":"outofstock","11":"taxable","12":"shipping-taxable","13":"purchasable","14":"product-type-simple"},"_links":{"self":[{"href":"https:\/\/ifoffice.pt\/index.php?rest_route=\/wp\/v2\/product\/107010","targetHints":{"allow":["GET"]}}],"collection":[{"href":"https:\/\/ifoffice.pt\/index.php?rest_route=\/wp\/v2\/product"}],"about":[{"href":"https:\/\/ifoffice.pt\/index.php?rest_route=\/wp\/v2\/types\/product"}],"replies":[{"embeddable":true,"href":"https:\/\/ifoffice.pt\/index.php?rest_route=%2Fwp%2Fv2%2Fcomments&post=107010"}],"wp:featuredmedia":[{"embeddable":true,"href":"https:\/\/ifoffice.pt\/index.php?rest_route=\/wp\/v2\/media\/113106"}],"wp:attachment":[{"href":"https:\/\/ifoffice.pt\/index.php?rest_route=%2Fwp%2Fv2%2Fmedia&parent=107010"}],"wp:term":[{"taxonomy":"product_brand","embeddable":true,"href":"https:\/\/ifoffice.pt\/index.php?rest_route=%2Fwp%2Fv2%2Fproduct_brand&post=107010"},{"taxonomy":"product_cat","embeddable":true,"href":"https:\/\/ifoffice.pt\/index.php?rest_route=%2Fwp%2Fv2%2Fproduct_cat&post=107010"},{"taxonomy":"product_tag","embeddable":true,"href":"https:\/\/ifoffice.pt\/index.php?rest_route=%2Fwp%2Fv2%2Fproduct_tag&post=107010"}],"curies":[{"name":"wp","href":"https:\/\/api.w.org\/{rel}","templated":true}]}}