{"id":106994,"date":"2023-03-06T16:37:01","date_gmt":"2023-03-06T16:37:01","guid":{"rendered":"https:\/\/ifoffice.pt\/?post_type=product&#038;p=106994"},"modified":"2026-02-23T12:55:13","modified_gmt":"2026-02-23T12:55:13","slug":"165941","status":"publish","type":"product","link":"https:\/\/ifoffice.pt\/?product=165941","title":{"rendered":"Pinceis aguarela liderpapel virola cromada pelo engomado blister de 14 unidades sortidas"},"content":{"rendered":"<p>Pinc\u00e9is de madeira com virola cromada. P\u00ealo engomado. Indicados para utilizar com aguarela. Blister de 14 unidades sortidas. Cont\u00e9m os n\u00fameros 00-0-1-2-3-4-5-6-7-8-9-10-11 e 12. Uma gama completa, mais c\u00f3moda, facilita todas as posibilidades criativas. O blister.<\/p>\n","protected":false},"excerpt":{"rendered":"<p>Pinceis aguarela liderpapel virola cromada pelo engomado blister de 14 unidades sortidas<\/p>\n","protected":false},"featured_media":113090,"comment_status":"open","ping_status":"closed","template":"","meta":{"neve_meta_sidebar":"","neve_meta_container":"","neve_meta_enable_content_width":"","neve_meta_content_width":0,"neve_meta_title_alignment":"","neve_meta_author_avatar":"","neve_post_elements_order":"","neve_meta_disable_header":"","neve_meta_disable_footer":"","neve_meta_disable_title":""},"product_brand":[],"product_cat":[1955],"product_tag":[2797],"class_list":{"0":"post-106994","1":"product","2":"type-product","3":"status-publish","4":"has-post-thumbnail","6":"product_cat-pinceas-escolares","7":"product_tag-pinceas-escolares","9":"first","10":"instock","11":"taxable","12":"shipping-taxable","13":"purchasable","14":"product-type-simple"},"_links":{"self":[{"href":"https:\/\/ifoffice.pt\/index.php?rest_route=\/wp\/v2\/product\/106994","targetHints":{"allow":["GET"]}}],"collection":[{"href":"https:\/\/ifoffice.pt\/index.php?rest_route=\/wp\/v2\/product"}],"about":[{"href":"https:\/\/ifoffice.pt\/index.php?rest_route=\/wp\/v2\/types\/product"}],"replies":[{"embeddable":true,"href":"https:\/\/ifoffice.pt\/index.php?rest_route=%2Fwp%2Fv2%2Fcomments&post=106994"}],"wp:featuredmedia":[{"embeddable":true,"href":"https:\/\/ifoffice.pt\/index.php?rest_route=\/wp\/v2\/media\/113090"}],"wp:attachment":[{"href":"https:\/\/ifoffice.pt\/index.php?rest_route=%2Fwp%2Fv2%2Fmedia&parent=106994"}],"wp:term":[{"taxonomy":"product_brand","embeddable":true,"href":"https:\/\/ifoffice.pt\/index.php?rest_route=%2Fwp%2Fv2%2Fproduct_brand&post=106994"},{"taxonomy":"product_cat","embeddable":true,"href":"https:\/\/ifoffice.pt\/index.php?rest_route=%2Fwp%2Fv2%2Fproduct_cat&post=106994"},{"taxonomy":"product_tag","embeddable":true,"href":"https:\/\/ifoffice.pt\/index.php?rest_route=%2Fwp%2Fv2%2Fproduct_tag&post=106994"}],"curies":[{"name":"wp","href":"https:\/\/api.w.org\/{rel}","templated":true}]}}