{"id":106948,"date":"2023-03-06T16:36:33","date_gmt":"2023-03-06T16:36:33","guid":{"rendered":"https:\/\/ifoffice.pt\/?post_type=product&#038;p=106948"},"modified":"2025-03-12T12:14:59","modified_gmt":"2025-03-12T12:14:59","slug":"166032","status":"publish","type":"product","link":"https:\/\/ifoffice.pt\/?product=166032","title":{"rendered":"Impressora portatil colop e-mark ink-jet wifi 600 ppp impressao multicolor 14,5 mm altura x 150 mm comprimento cor preto"},"content":{"rendered":"<p>Impressora port\u00e1til para profissionais (impress\u00e3o multicolor, com aplica\u00e7\u00e3o gratuita, gerador de datas, hora e numera\u00e7\u00e3o). Funciona em combina\u00e7\u00e3o com uma aplica\u00e7\u00e3o e controla-se atrav\u00e9s de um dispositivo m\u00f3vel. Com um simples movimento lateral, podem-se realizar impress\u00f5es individuais a cores numa vasta gama de materiais absorventes (desde papel at\u00e9 madeira). Cont\u00e9m um cartucho de tinta tricolor (ink-jet) que permite imprimir em qualquer combina\u00e7\u00e3o de cores. Tem um rendimento at\u00e9 5000 impress\u00f5es at\u00e9 tr\u00eas linhas. Medidas: 90 x 120 x 115 mm. Peso: 500 g. A impressora.<\/p>\n","protected":false},"excerpt":{"rendered":"<p>Impressora port\u00e1til para profissionais (impress\u00e3o multicolor, com aplica\u00e7\u00e3o gratuita, gerador de datas, hora e numera\u00e7\u00e3o). Funciona em combina\u00e7\u00e3o com uma aplica\u00e7\u00e3o e controla-se atrav\u00e9s de um dispositivo m\u00f3vel. Com um simples movimento lateral, podem-se realizar impress\u00f5es individuais a cores numa vasta gama de materiais absorventes (desde papel at\u00e9 madeira). Cont\u00e9m um cartucho de tinta tricolor (ink-jet) que permite imprimir em qualquer combina\u00e7\u00e3o de cores. Tem um rendimento at\u00e9 5000 impress\u00f5es at\u00e9 tr\u00eas linhas. Medidas: 90 x 120 x 115 mm. Peso: 500 g. A impressora.<\/p>\n","protected":false},"featured_media":113044,"comment_status":"open","ping_status":"closed","template":"","meta":{"neve_meta_sidebar":"","neve_meta_container":"","neve_meta_enable_content_width":"","neve_meta_content_width":0,"neve_meta_title_alignment":"","neve_meta_author_avatar":"","neve_post_elements_order":"","neve_meta_disable_header":"","neve_meta_disable_footer":"","neve_meta_disable_title":""},"product_brand":[],"product_cat":[1772],"product_tag":[2699],"class_list":{"0":"post-106948","1":"product","2":"type-product","3":"status-publish","4":"has-post-thumbnail","6":"product_cat-impressoras","7":"product_tag-impressoras","9":"first","10":"outofstock","11":"taxable","12":"shipping-taxable","13":"purchasable","14":"product-type-simple"},"_links":{"self":[{"href":"https:\/\/ifoffice.pt\/index.php?rest_route=\/wp\/v2\/product\/106948","targetHints":{"allow":["GET"]}}],"collection":[{"href":"https:\/\/ifoffice.pt\/index.php?rest_route=\/wp\/v2\/product"}],"about":[{"href":"https:\/\/ifoffice.pt\/index.php?rest_route=\/wp\/v2\/types\/product"}],"replies":[{"embeddable":true,"href":"https:\/\/ifoffice.pt\/index.php?rest_route=%2Fwp%2Fv2%2Fcomments&post=106948"}],"wp:featuredmedia":[{"embeddable":true,"href":"https:\/\/ifoffice.pt\/index.php?rest_route=\/wp\/v2\/media\/113044"}],"wp:attachment":[{"href":"https:\/\/ifoffice.pt\/index.php?rest_route=%2Fwp%2Fv2%2Fmedia&parent=106948"}],"wp:term":[{"taxonomy":"product_brand","embeddable":true,"href":"https:\/\/ifoffice.pt\/index.php?rest_route=%2Fwp%2Fv2%2Fproduct_brand&post=106948"},{"taxonomy":"product_cat","embeddable":true,"href":"https:\/\/ifoffice.pt\/index.php?rest_route=%2Fwp%2Fv2%2Fproduct_cat&post=106948"},{"taxonomy":"product_tag","embeddable":true,"href":"https:\/\/ifoffice.pt\/index.php?rest_route=%2Fwp%2Fv2%2Fproduct_tag&post=106948"}],"curies":[{"name":"wp","href":"https:\/\/api.w.org\/{rel}","templated":true}]}}