{"id":106946,"date":"2023-03-06T16:36:32","date_gmt":"2023-03-06T16:36:32","guid":{"rendered":"https:\/\/ifoffice.pt\/?post_type=product&#038;p=106946"},"modified":"2026-02-23T12:55:01","modified_gmt":"2026-02-23T12:55:01","slug":"166034","status":"publish","type":"product","link":"https:\/\/ifoffice.pt\/?product=166034","title":{"rendered":"Tinteiro colop para impressora e-mark 600 ppp tipo c2 tricolor"},"content":{"rendered":"<p>O cartucho E-Mark de tinta tricolor (amarelo, cian e magenta) permite a impress\u00e3o a cores em quase todas as superf\u00edcies absorventes. Qualidade de impress\u00e3o de 600 ppp. Tipo C2. At\u00e9 5000 impress\u00f5es. Ciclos de limpeza autom\u00e1ticos e manuais. Facilmente substitu\u00edvel em poucos passos. O\u00a0cartucho.<\/p>\n","protected":false},"excerpt":{"rendered":"<p>Tinteiro colop para impressora e-mark 600 ppp tipo c2 tricolor<\/p>\n","protected":false},"featured_media":113042,"comment_status":"open","ping_status":"closed","template":"","meta":{"neve_meta_sidebar":"","neve_meta_container":"","neve_meta_enable_content_width":"","neve_meta_content_width":0,"neve_meta_title_alignment":"","neve_meta_author_avatar":"","neve_post_elements_order":"","neve_meta_disable_header":"","neve_meta_disable_footer":"","neve_meta_disable_title":""},"product_brand":[],"product_cat":[1772],"product_tag":[2699],"class_list":{"0":"post-106946","1":"product","2":"type-product","3":"status-publish","4":"has-post-thumbnail","6":"product_cat-impressoras","7":"product_tag-impressoras","9":"first","10":"instock","11":"taxable","12":"shipping-taxable","13":"purchasable","14":"product-type-simple"},"_links":{"self":[{"href":"https:\/\/ifoffice.pt\/index.php?rest_route=\/wp\/v2\/product\/106946","targetHints":{"allow":["GET"]}}],"collection":[{"href":"https:\/\/ifoffice.pt\/index.php?rest_route=\/wp\/v2\/product"}],"about":[{"href":"https:\/\/ifoffice.pt\/index.php?rest_route=\/wp\/v2\/types\/product"}],"replies":[{"embeddable":true,"href":"https:\/\/ifoffice.pt\/index.php?rest_route=%2Fwp%2Fv2%2Fcomments&post=106946"}],"wp:featuredmedia":[{"embeddable":true,"href":"https:\/\/ifoffice.pt\/index.php?rest_route=\/wp\/v2\/media\/113042"}],"wp:attachment":[{"href":"https:\/\/ifoffice.pt\/index.php?rest_route=%2Fwp%2Fv2%2Fmedia&parent=106946"}],"wp:term":[{"taxonomy":"product_brand","embeddable":true,"href":"https:\/\/ifoffice.pt\/index.php?rest_route=%2Fwp%2Fv2%2Fproduct_brand&post=106946"},{"taxonomy":"product_cat","embeddable":true,"href":"https:\/\/ifoffice.pt\/index.php?rest_route=%2Fwp%2Fv2%2Fproduct_cat&post=106946"},{"taxonomy":"product_tag","embeddable":true,"href":"https:\/\/ifoffice.pt\/index.php?rest_route=%2Fwp%2Fv2%2Fproduct_tag&post=106946"}],"curies":[{"name":"wp","href":"https:\/\/api.w.org\/{rel}","templated":true}]}}