{"id":106935,"date":"2023-03-06T16:36:22","date_gmt":"2023-03-06T16:36:22","guid":{"rendered":"https:\/\/ifoffice.pt\/?post_type=product&#038;p=106935"},"modified":"2025-05-07T15:15:20","modified_gmt":"2025-05-07T15:15:20","slug":"166055","status":"publish","type":"product","link":"https:\/\/ifoffice.pt\/?product=166055","title":{"rendered":"Capa de encadernacao liderpapel cartao din a4 0,9 mm amarelo fluor pack de 50 unidades"},"content":{"rendered":"<p>Capa de encaderna\u00e7\u00e3o de cart\u00e3o de 800 g\/m\u00b2 de 0,9 mm de espessura. Pode ser utilizada para espirais, lombadas, an\u00e9is e outros. Formato DIN A4. Pack de 50 unidades.<\/p>\n","protected":false},"excerpt":{"rendered":"<p>Capa de encaderna\u00e7\u00e3o de cart\u00e3o de 800 g\/m\u00b2 de 0,9 mm de espessura. Pode ser utilizada para espirais, lombadas, an\u00e9is e outros. Formato DIN A4. Pack de 50 unidades.<\/p>\n","protected":false},"featured_media":113031,"comment_status":"open","ping_status":"closed","template":"","meta":{"neve_meta_sidebar":"","neve_meta_container":"","neve_meta_enable_content_width":"off","neve_meta_content_width":100,"neve_meta_title_alignment":"","neve_meta_author_avatar":"","neve_post_elements_order":"","neve_meta_disable_header":"","neve_meta_disable_footer":"","neve_meta_disable_title":""},"product_brand":[],"product_cat":[1852],"product_tag":[2787],"class_list":{"0":"post-106935","1":"product","2":"type-product","3":"status-publish","4":"has-post-thumbnail","6":"product_cat-encadernadoras","7":"product_tag-encadernadoras","9":"first","10":"instock","11":"taxable","12":"shipping-taxable","13":"purchasable","14":"product-type-variable"},"_links":{"self":[{"href":"https:\/\/ifoffice.pt\/index.php?rest_route=\/wp\/v2\/product\/106935","targetHints":{"allow":["GET"]}}],"collection":[{"href":"https:\/\/ifoffice.pt\/index.php?rest_route=\/wp\/v2\/product"}],"about":[{"href":"https:\/\/ifoffice.pt\/index.php?rest_route=\/wp\/v2\/types\/product"}],"replies":[{"embeddable":true,"href":"https:\/\/ifoffice.pt\/index.php?rest_route=%2Fwp%2Fv2%2Fcomments&post=106935"}],"wp:featuredmedia":[{"embeddable":true,"href":"https:\/\/ifoffice.pt\/index.php?rest_route=\/wp\/v2\/media\/113031"}],"wp:attachment":[{"href":"https:\/\/ifoffice.pt\/index.php?rest_route=%2Fwp%2Fv2%2Fmedia&parent=106935"}],"wp:term":[{"taxonomy":"product_brand","embeddable":true,"href":"https:\/\/ifoffice.pt\/index.php?rest_route=%2Fwp%2Fv2%2Fproduct_brand&post=106935"},{"taxonomy":"product_cat","embeddable":true,"href":"https:\/\/ifoffice.pt\/index.php?rest_route=%2Fwp%2Fv2%2Fproduct_cat&post=106935"},{"taxonomy":"product_tag","embeddable":true,"href":"https:\/\/ifoffice.pt\/index.php?rest_route=%2Fwp%2Fv2%2Fproduct_tag&post=106935"}],"curies":[{"name":"wp","href":"https:\/\/api.w.org\/{rel}","templated":true}]}}