{"id":106842,"date":"2023-03-06T16:35:24","date_gmt":"2023-03-06T16:35:24","guid":{"rendered":"https:\/\/ifoffice.pt\/?post_type=product&#038;p=106842"},"modified":"2026-02-23T12:54:44","modified_gmt":"2026-02-23T12:54:44","slug":"166148","status":"publish","type":"product","link":"https:\/\/ifoffice.pt\/?product=166148","title":{"rendered":"Pasta liderpapel de elasticos folio 3 abas cartao plastificado cores sortidas pastel"},"content":{"rendered":"<p>Pasta de el\u00e1sticos fabricada em cart\u00e3o plastificado de 600 g\/m\u00b2. Fecho com el\u00e1stico. Com tr\u00eas abas. Formato f\u00f3lio.<\/p>\n","protected":false},"excerpt":{"rendered":"<p>Pasta liderpapel de elasticos folio 3 abas cartao plastificado cores sortidas pastel<\/p>\n","protected":false},"featured_media":112938,"comment_status":"open","ping_status":"closed","template":"","meta":{"neve_meta_sidebar":"","neve_meta_container":"","neve_meta_enable_content_width":"","neve_meta_content_width":0,"neve_meta_title_alignment":"","neve_meta_author_avatar":"","neve_post_elements_order":"","neve_meta_disable_header":"","neve_meta_disable_footer":"","neve_meta_disable_title":""},"product_brand":[],"product_cat":[1880],"product_tag":[2781],"class_list":{"0":"post-106842","1":"product","2":"type-product","3":"status-publish","4":"has-post-thumbnail","6":"product_cat-capas-de-elasticos","7":"product_tag-capas-de-elasticos","9":"first","10":"instock","11":"taxable","12":"shipping-taxable","13":"purchasable","14":"product-type-simple"},"_links":{"self":[{"href":"https:\/\/ifoffice.pt\/index.php?rest_route=\/wp\/v2\/product\/106842","targetHints":{"allow":["GET"]}}],"collection":[{"href":"https:\/\/ifoffice.pt\/index.php?rest_route=\/wp\/v2\/product"}],"about":[{"href":"https:\/\/ifoffice.pt\/index.php?rest_route=\/wp\/v2\/types\/product"}],"replies":[{"embeddable":true,"href":"https:\/\/ifoffice.pt\/index.php?rest_route=%2Fwp%2Fv2%2Fcomments&post=106842"}],"wp:featuredmedia":[{"embeddable":true,"href":"https:\/\/ifoffice.pt\/index.php?rest_route=\/wp\/v2\/media\/112938"}],"wp:attachment":[{"href":"https:\/\/ifoffice.pt\/index.php?rest_route=%2Fwp%2Fv2%2Fmedia&parent=106842"}],"wp:term":[{"taxonomy":"product_brand","embeddable":true,"href":"https:\/\/ifoffice.pt\/index.php?rest_route=%2Fwp%2Fv2%2Fproduct_brand&post=106842"},{"taxonomy":"product_cat","embeddable":true,"href":"https:\/\/ifoffice.pt\/index.php?rest_route=%2Fwp%2Fv2%2Fproduct_cat&post=106842"},{"taxonomy":"product_tag","embeddable":true,"href":"https:\/\/ifoffice.pt\/index.php?rest_route=%2Fwp%2Fv2%2Fproduct_tag&post=106842"}],"curies":[{"name":"wp","href":"https:\/\/api.w.org\/{rel}","templated":true}]}}