{"id":106817,"date":"2023-03-06T16:35:10","date_gmt":"2023-03-06T16:35:10","guid":{"rendered":"https:\/\/ifoffice.pt\/?post_type=product&#038;p=106817"},"modified":"2026-04-01T15:19:01","modified_gmt":"2026-04-01T15:19:01","slug":"166180","status":"publish","type":"product","link":"https:\/\/ifoffice.pt\/?product=166180","title":{"rendered":"Minas pentel ain stein 0.2 b estojo com 20 unidades"},"content":{"rendered":"<p>As minas Ain Stein da Pentel foram desenvolvidas de forma a serem 10% mais fortes do que as minas existentes da Pentel o que as tornam nas minas mais resistentes do mundo. Apesar da super resist\u00eancia \u00e0 quebra, proporcionam uma escrita suave e fluida. Ideais para todo o tipo de lapiseiras. O novo design dos tubos \u00e9 mais fino, simples e pr\u00e1tico. Dispon\u00edveis em v\u00e1rias espessuras (0,2, 0,3, 0,5, 0,7 e 0,9 mm). As minas.<\/p>\n","protected":false},"excerpt":{"rendered":"<p>PACK DE 10 UNIDADES<\/p>\n","protected":false},"featured_media":0,"comment_status":"open","ping_status":"closed","template":"","meta":{"neve_meta_sidebar":"","neve_meta_container":"","neve_meta_enable_content_width":"","neve_meta_content_width":0,"neve_meta_title_alignment":"","neve_meta_author_avatar":"","neve_post_elements_order":"","neve_meta_disable_header":"","neve_meta_disable_footer":"","neve_meta_disable_title":""},"product_brand":[],"product_cat":[1766],"product_tag":[2694],"class_list":{"0":"post-106817","1":"product","2":"type-product","3":"status-publish","5":"product_cat-minas","6":"product_tag-minas","8":"first","9":"outofstock","10":"taxable","11":"shipping-taxable","12":"purchasable","13":"product-type-simple"},"_links":{"self":[{"href":"https:\/\/ifoffice.pt\/index.php?rest_route=\/wp\/v2\/product\/106817","targetHints":{"allow":["GET"]}}],"collection":[{"href":"https:\/\/ifoffice.pt\/index.php?rest_route=\/wp\/v2\/product"}],"about":[{"href":"https:\/\/ifoffice.pt\/index.php?rest_route=\/wp\/v2\/types\/product"}],"replies":[{"embeddable":true,"href":"https:\/\/ifoffice.pt\/index.php?rest_route=%2Fwp%2Fv2%2Fcomments&post=106817"}],"wp:attachment":[{"href":"https:\/\/ifoffice.pt\/index.php?rest_route=%2Fwp%2Fv2%2Fmedia&parent=106817"}],"wp:term":[{"taxonomy":"product_brand","embeddable":true,"href":"https:\/\/ifoffice.pt\/index.php?rest_route=%2Fwp%2Fv2%2Fproduct_brand&post=106817"},{"taxonomy":"product_cat","embeddable":true,"href":"https:\/\/ifoffice.pt\/index.php?rest_route=%2Fwp%2Fv2%2Fproduct_cat&post=106817"},{"taxonomy":"product_tag","embeddable":true,"href":"https:\/\/ifoffice.pt\/index.php?rest_route=%2Fwp%2Fv2%2Fproduct_tag&post=106817"}],"curies":[{"name":"wp","href":"https:\/\/api.w.org\/{rel}","templated":true}]}}