{"id":106814,"date":"2023-03-06T16:35:06","date_gmt":"2023-03-06T16:35:06","guid":{"rendered":"https:\/\/ifoffice.pt\/?post_type=product&#038;p=106814"},"modified":"2025-03-12T12:14:14","modified_gmt":"2025-03-12T12:14:14","slug":"166183","status":"publish","type":"product","link":"https:\/\/ifoffice.pt\/produto\/166183\/","title":{"rendered":"Bloco de notas adesivas beachside 100% pefc 76&#215;127 mm 100 folhas pack de 6 unidades"},"content":{"rendered":"<p>Notas adesivas com cores despreocupadas como a praia. Estas cores brilhantes fazem sobressair as mensagens. S\u00e3o ideais para organizar informa\u00e7\u00e3o ou dar um pouco de cor \u00e0s mensagens. Blocos de 100 folhas cada um.<\/p>\n","protected":false},"excerpt":{"rendered":"<p>Notas adesivas com cores despreocupadas como a praia. Estas cores brilhantes fazem sobressair as mensagens. S\u00e3o ideais para organizar informa\u00e7\u00e3o ou dar um pouco de cor \u00e0s mensagens. Blocos de 100 folhas cada um.<\/p>\n","protected":false},"featured_media":112912,"comment_status":"open","ping_status":"closed","template":"","meta":{"neve_meta_sidebar":"","neve_meta_container":"","neve_meta_enable_content_width":"","neve_meta_content_width":0,"neve_meta_title_alignment":"","neve_meta_author_avatar":"","neve_post_elements_order":"","neve_meta_disable_header":"","neve_meta_disable_footer":"","neve_meta_disable_title":""},"product_brand":[],"product_cat":[1919],"product_tag":[2730],"class_list":{"0":"post-106814","1":"product","2":"type-product","3":"status-publish","4":"has-post-thumbnail","6":"product_cat-blocos-de-notas-adesivas","7":"product_tag-blocos-de-notas-adesivas","9":"first","10":"outofstock","11":"taxable","12":"shipping-taxable","13":"purchasable","14":"product-type-simple"},"_links":{"self":[{"href":"https:\/\/ifoffice.pt\/wp-json\/wp\/v2\/product\/106814","targetHints":{"allow":["GET"]}}],"collection":[{"href":"https:\/\/ifoffice.pt\/wp-json\/wp\/v2\/product"}],"about":[{"href":"https:\/\/ifoffice.pt\/wp-json\/wp\/v2\/types\/product"}],"replies":[{"embeddable":true,"href":"https:\/\/ifoffice.pt\/wp-json\/wp\/v2\/comments?post=106814"}],"wp:featuredmedia":[{"embeddable":true,"href":"https:\/\/ifoffice.pt\/wp-json\/wp\/v2\/media\/112912"}],"wp:attachment":[{"href":"https:\/\/ifoffice.pt\/wp-json\/wp\/v2\/media?parent=106814"}],"wp:term":[{"taxonomy":"product_brand","embeddable":true,"href":"https:\/\/ifoffice.pt\/wp-json\/wp\/v2\/product_brand?post=106814"},{"taxonomy":"product_cat","embeddable":true,"href":"https:\/\/ifoffice.pt\/wp-json\/wp\/v2\/product_cat?post=106814"},{"taxonomy":"product_tag","embeddable":true,"href":"https:\/\/ifoffice.pt\/wp-json\/wp\/v2\/product_tag?post=106814"}],"curies":[{"name":"wp","href":"https:\/\/api.w.org\/{rel}","templated":true}]}}