{"id":106796,"date":"2023-03-06T16:34:57","date_gmt":"2023-03-06T16:34:57","guid":{"rendered":"https:\/\/ifoffice.pt\/?post_type=product&#038;p=106796"},"modified":"2026-02-23T12:54:34","modified_gmt":"2026-02-23T12:54:34","slug":"166201","status":"publish","type":"product","link":"https:\/\/ifoffice.pt\/?product=166201","title":{"rendered":"Planificador semanal nobo magnetico + tabuleiro de cortica horizontal com moldura de aluminio 585&#215;190 mm"},"content":{"rendered":"<p>Pequeno planificador de quadro magn\u00e9tico de apagar a seco e uma parte de corti\u00e7a como painel de an\u00fancios para fixar notas. Pode-se montar na parede com almofadas adesivas ou em superf\u00edcies met\u00e1licas com \u00edmanes. Inclui um clip porta marcador integrado, um marcador para quadro com um apagador na tampa, almofadas adesivas e \u00edmanes de montagem.<\/p>\n","protected":false},"excerpt":{"rendered":"<p>Planificador semanal nobo magnetico + tabuleiro de cortica horizontal com moldura de aluminio 585&#215;190 mm<\/p>\n","protected":false},"featured_media":112894,"comment_status":"open","ping_status":"closed","template":"","meta":{"neve_meta_sidebar":"","neve_meta_container":"","neve_meta_enable_content_width":"off","neve_meta_content_width":100,"neve_meta_title_alignment":"","neve_meta_author_avatar":"","neve_post_elements_order":"","neve_meta_disable_header":"","neve_meta_disable_footer":"","neve_meta_disable_title":""},"product_brand":[],"product_cat":[2486],"product_tag":[2771],"class_list":{"0":"post-106796","1":"product","2":"type-product","3":"status-publish","4":"has-post-thumbnail","6":"product_cat-paineis-de-sinalizacao","7":"product_tag-painais-de-sinalizaaao","9":"first","10":"instock","11":"sale","12":"taxable","13":"shipping-taxable","14":"purchasable","15":"product-type-simple"},"_links":{"self":[{"href":"https:\/\/ifoffice.pt\/index.php?rest_route=\/wp\/v2\/product\/106796","targetHints":{"allow":["GET"]}}],"collection":[{"href":"https:\/\/ifoffice.pt\/index.php?rest_route=\/wp\/v2\/product"}],"about":[{"href":"https:\/\/ifoffice.pt\/index.php?rest_route=\/wp\/v2\/types\/product"}],"replies":[{"embeddable":true,"href":"https:\/\/ifoffice.pt\/index.php?rest_route=%2Fwp%2Fv2%2Fcomments&post=106796"}],"wp:featuredmedia":[{"embeddable":true,"href":"https:\/\/ifoffice.pt\/index.php?rest_route=\/wp\/v2\/media\/112894"}],"wp:attachment":[{"href":"https:\/\/ifoffice.pt\/index.php?rest_route=%2Fwp%2Fv2%2Fmedia&parent=106796"}],"wp:term":[{"taxonomy":"product_brand","embeddable":true,"href":"https:\/\/ifoffice.pt\/index.php?rest_route=%2Fwp%2Fv2%2Fproduct_brand&post=106796"},{"taxonomy":"product_cat","embeddable":true,"href":"https:\/\/ifoffice.pt\/index.php?rest_route=%2Fwp%2Fv2%2Fproduct_cat&post=106796"},{"taxonomy":"product_tag","embeddable":true,"href":"https:\/\/ifoffice.pt\/index.php?rest_route=%2Fwp%2Fv2%2Fproduct_tag&post=106796"}],"curies":[{"name":"wp","href":"https:\/\/api.w.org\/{rel}","templated":true}]}}