{"id":106793,"date":"2023-03-06T16:34:52","date_gmt":"2023-03-06T16:34:52","guid":{"rendered":"https:\/\/ifoffice.pt\/?post_type=product&#038;p=106793"},"modified":"2026-02-23T12:54:33","modified_gmt":"2026-02-23T12:54:33","slug":"166204","status":"publish","type":"product","link":"https:\/\/ifoffice.pt\/?product=166204","title":{"rendered":"Planificador semanal nobo magnetico cor violeta 140&#215;360 mm"},"content":{"rendered":"<p>Mini planificador semanal de quadro magn\u00e9tico. Com uma parte de quadro de apagar a seco para tomar notas para cada dia da semana mais uma sec\u00e7\u00e3o de notas adicionais. Inclui clip porta marcador integrado, 2 almofadas de montagem adesivas para quadro branco e 2 \u00edmanes. Medidas: 36 x 14 cm.<\/p>\n","protected":false},"excerpt":{"rendered":"<p>Planificador semanal nobo magnetico cor violeta 140&#215;360 mm<\/p>\n","protected":false},"featured_media":112891,"comment_status":"open","ping_status":"closed","template":"","meta":{"neve_meta_sidebar":"","neve_meta_container":"","neve_meta_enable_content_width":"","neve_meta_content_width":0,"neve_meta_title_alignment":"","neve_meta_author_avatar":"","neve_post_elements_order":"","neve_meta_disable_header":"","neve_meta_disable_footer":"","neve_meta_disable_title":""},"product_brand":[],"product_cat":[2486],"product_tag":[2771],"class_list":{"0":"post-106793","1":"product","2":"type-product","3":"status-publish","4":"has-post-thumbnail","6":"product_cat-paineis-de-sinalizacao","7":"product_tag-painais-de-sinalizaaao","9":"first","10":"instock","11":"taxable","12":"shipping-taxable","13":"purchasable","14":"product-type-simple"},"_links":{"self":[{"href":"https:\/\/ifoffice.pt\/index.php?rest_route=\/wp\/v2\/product\/106793","targetHints":{"allow":["GET"]}}],"collection":[{"href":"https:\/\/ifoffice.pt\/index.php?rest_route=\/wp\/v2\/product"}],"about":[{"href":"https:\/\/ifoffice.pt\/index.php?rest_route=\/wp\/v2\/types\/product"}],"replies":[{"embeddable":true,"href":"https:\/\/ifoffice.pt\/index.php?rest_route=%2Fwp%2Fv2%2Fcomments&post=106793"}],"wp:featuredmedia":[{"embeddable":true,"href":"https:\/\/ifoffice.pt\/index.php?rest_route=\/wp\/v2\/media\/112891"}],"wp:attachment":[{"href":"https:\/\/ifoffice.pt\/index.php?rest_route=%2Fwp%2Fv2%2Fmedia&parent=106793"}],"wp:term":[{"taxonomy":"product_brand","embeddable":true,"href":"https:\/\/ifoffice.pt\/index.php?rest_route=%2Fwp%2Fv2%2Fproduct_brand&post=106793"},{"taxonomy":"product_cat","embeddable":true,"href":"https:\/\/ifoffice.pt\/index.php?rest_route=%2Fwp%2Fv2%2Fproduct_cat&post=106793"},{"taxonomy":"product_tag","embeddable":true,"href":"https:\/\/ifoffice.pt\/index.php?rest_route=%2Fwp%2Fv2%2Fproduct_tag&post=106793"}],"curies":[{"name":"wp","href":"https:\/\/api.w.org\/{rel}","templated":true}]}}