{"id":106777,"date":"2023-03-06T16:34:44","date_gmt":"2023-03-06T16:34:44","guid":{"rendered":"https:\/\/ifoffice.pt\/?post_type=product&#038;p=106777"},"modified":"2026-02-23T14:49:27","modified_gmt":"2026-02-23T14:49:27","slug":"166244","status":"publish","type":"product","link":"https:\/\/ifoffice.pt\/produto\/166244\/","title":{"rendered":"Lapis de grafite stabilo swano com borracha mina 2,2 mm dureza hb azul pastel"},"content":{"rendered":"<p>L\u00e1pis de grafite com borracha. Dureza HB. Mina de 2,2 mm \u00d8. Cores pastel. O l\u00e1pis.<\/p>\n","protected":false},"excerpt":{"rendered":"<p>PACK DE 12 UNIDADES<\/p>\n","protected":false},"featured_media":112875,"comment_status":"open","ping_status":"closed","template":"","meta":{"neve_meta_sidebar":"","neve_meta_container":"","neve_meta_enable_content_width":"","neve_meta_content_width":0,"neve_meta_title_alignment":"","neve_meta_author_avatar":"","neve_post_elements_order":"","neve_meta_disable_header":"","neve_meta_disable_footer":"","neve_meta_disable_title":""},"product_brand":[],"product_cat":[1859],"product_tag":[2731],"class_list":{"0":"post-106777","1":"product","2":"type-product","3":"status-publish","4":"has-post-thumbnail","6":"product_cat-lapis","7":"product_tag-lapis-2","9":"first","10":"instock","11":"taxable","12":"shipping-taxable","13":"purchasable","14":"product-type-simple"},"_links":{"self":[{"href":"https:\/\/ifoffice.pt\/wp-json\/wp\/v2\/product\/106777","targetHints":{"allow":["GET"]}}],"collection":[{"href":"https:\/\/ifoffice.pt\/wp-json\/wp\/v2\/product"}],"about":[{"href":"https:\/\/ifoffice.pt\/wp-json\/wp\/v2\/types\/product"}],"replies":[{"embeddable":true,"href":"https:\/\/ifoffice.pt\/wp-json\/wp\/v2\/comments?post=106777"}],"wp:featuredmedia":[{"embeddable":true,"href":"https:\/\/ifoffice.pt\/wp-json\/wp\/v2\/media\/112875"}],"wp:attachment":[{"href":"https:\/\/ifoffice.pt\/wp-json\/wp\/v2\/media?parent=106777"}],"wp:term":[{"taxonomy":"product_brand","embeddable":true,"href":"https:\/\/ifoffice.pt\/wp-json\/wp\/v2\/product_brand?post=106777"},{"taxonomy":"product_cat","embeddable":true,"href":"https:\/\/ifoffice.pt\/wp-json\/wp\/v2\/product_cat?post=106777"},{"taxonomy":"product_tag","embeddable":true,"href":"https:\/\/ifoffice.pt\/wp-json\/wp\/v2\/product_tag?post=106777"}],"curies":[{"name":"wp","href":"https:\/\/api.w.org\/{rel}","templated":true}]}}