{"id":106772,"date":"2023-03-06T16:34:38","date_gmt":"2023-03-06T16:34:38","guid":{"rendered":"https:\/\/ifoffice.pt\/?post_type=product&#038;p=106772"},"modified":"2026-02-23T12:54:30","modified_gmt":"2026-02-23T12:54:30","slug":"166250","status":"publish","type":"product","link":"https:\/\/ifoffice.pt\/?product=166250","title":{"rendered":"Impressora de tickets hprt tp80k termica corte automatico 230 mm\/s largura do papel 58\/80 mm usb 2.0 tipo b ethernet rs2"},"content":{"rendered":"<p>Impressora de tickets t\u00e9rmica de corte autom\u00e1tico. Velocidade impress\u00e3o de 230 mm\/s. Largura do papel 58-80 mm. Interface RS232\/USB\/Ethernet. Indicadores de estado por LED&#8217;s luminosos. Impress\u00e3o c\u00f3digos 1D\/2D. Preparada para instala\u00e7\u00e3o na parede.<\/p>\n","protected":false},"excerpt":{"rendered":"<p>Impressora de tickets hprt tp80k termica corte automatico 230 mm\/s largura do papel 58\/80 mm usb 2.0 tipo b ethernet rs2<\/p>\n","protected":false},"featured_media":112870,"comment_status":"open","ping_status":"closed","template":"","meta":{"neve_meta_sidebar":"","neve_meta_container":"","neve_meta_enable_content_width":"","neve_meta_content_width":0,"neve_meta_title_alignment":"","neve_meta_author_avatar":"","neve_post_elements_order":"","neve_meta_disable_header":"","neve_meta_disable_footer":"","neve_meta_disable_title":""},"product_brand":[],"product_cat":[1790],"product_tag":[2729],"class_list":{"0":"post-106772","1":"product","2":"type-product","3":"status-publish","4":"has-post-thumbnail","6":"product_cat-etiquetadoras-e-fitas","7":"product_tag-etiquetadoras-e-fitas","9":"first","10":"instock","11":"taxable","12":"shipping-taxable","13":"purchasable","14":"product-type-simple"},"_links":{"self":[{"href":"https:\/\/ifoffice.pt\/index.php?rest_route=\/wp\/v2\/product\/106772","targetHints":{"allow":["GET"]}}],"collection":[{"href":"https:\/\/ifoffice.pt\/index.php?rest_route=\/wp\/v2\/product"}],"about":[{"href":"https:\/\/ifoffice.pt\/index.php?rest_route=\/wp\/v2\/types\/product"}],"replies":[{"embeddable":true,"href":"https:\/\/ifoffice.pt\/index.php?rest_route=%2Fwp%2Fv2%2Fcomments&post=106772"}],"wp:featuredmedia":[{"embeddable":true,"href":"https:\/\/ifoffice.pt\/index.php?rest_route=\/wp\/v2\/media\/112870"}],"wp:attachment":[{"href":"https:\/\/ifoffice.pt\/index.php?rest_route=%2Fwp%2Fv2%2Fmedia&parent=106772"}],"wp:term":[{"taxonomy":"product_brand","embeddable":true,"href":"https:\/\/ifoffice.pt\/index.php?rest_route=%2Fwp%2Fv2%2Fproduct_brand&post=106772"},{"taxonomy":"product_cat","embeddable":true,"href":"https:\/\/ifoffice.pt\/index.php?rest_route=%2Fwp%2Fv2%2Fproduct_cat&post=106772"},{"taxonomy":"product_tag","embeddable":true,"href":"https:\/\/ifoffice.pt\/index.php?rest_route=%2Fwp%2Fv2%2Fproduct_tag&post=106772"}],"curies":[{"name":"wp","href":"https:\/\/api.w.org\/{rel}","templated":true}]}}