{"id":106751,"date":"2023-03-06T16:34:27","date_gmt":"2023-03-06T16:34:27","guid":{"rendered":"https:\/\/ifoffice.pt\/?post_type=product&#038;p=106751"},"modified":"2026-02-23T12:54:26","modified_gmt":"2026-02-23T12:54:26","slug":"166271","status":"publish","type":"product","link":"https:\/\/ifoffice.pt\/?product=166271","title":{"rendered":"Cabo groovy usb-a a tipo c comprimento 1 mt cor branco"},"content":{"rendered":"<p>Carrega e sincroniza dispositivos Android com conector micro USB. Carrega c\u00e2maras fotogr\u00e1ficas digitais, m\u00e1quinas de barbear, cigarros eletr\u00f3nicos e livros digitais entre outros. M\u00e1xima resist\u00eancia. Cor branca. O cabo.<\/p>\n","protected":false},"excerpt":{"rendered":"<p>Cabo groovy usb-a a tipo c comprimento 1 mt cor branco<\/p>\n","protected":false},"featured_media":112849,"comment_status":"open","ping_status":"closed","template":"","meta":{"neve_meta_sidebar":"","neve_meta_container":"","neve_meta_enable_content_width":"","neve_meta_content_width":0,"neve_meta_title_alignment":"","neve_meta_author_avatar":"","neve_post_elements_order":"","neve_meta_disable_header":"","neve_meta_disable_footer":"","neve_meta_disable_title":""},"product_brand":[],"product_cat":[1819],"product_tag":[2747],"class_list":{"0":"post-106751","1":"product","2":"type-product","3":"status-publish","4":"has-post-thumbnail","6":"product_cat-conectividade-cabos-wifi-hub","7":"product_tag-conetividadecaboswifihub","9":"first","10":"instock","11":"taxable","12":"shipping-taxable","13":"purchasable","14":"product-type-simple"},"_links":{"self":[{"href":"https:\/\/ifoffice.pt\/index.php?rest_route=\/wp\/v2\/product\/106751","targetHints":{"allow":["GET"]}}],"collection":[{"href":"https:\/\/ifoffice.pt\/index.php?rest_route=\/wp\/v2\/product"}],"about":[{"href":"https:\/\/ifoffice.pt\/index.php?rest_route=\/wp\/v2\/types\/product"}],"replies":[{"embeddable":true,"href":"https:\/\/ifoffice.pt\/index.php?rest_route=%2Fwp%2Fv2%2Fcomments&post=106751"}],"wp:featuredmedia":[{"embeddable":true,"href":"https:\/\/ifoffice.pt\/index.php?rest_route=\/wp\/v2\/media\/112849"}],"wp:attachment":[{"href":"https:\/\/ifoffice.pt\/index.php?rest_route=%2Fwp%2Fv2%2Fmedia&parent=106751"}],"wp:term":[{"taxonomy":"product_brand","embeddable":true,"href":"https:\/\/ifoffice.pt\/index.php?rest_route=%2Fwp%2Fv2%2Fproduct_brand&post=106751"},{"taxonomy":"product_cat","embeddable":true,"href":"https:\/\/ifoffice.pt\/index.php?rest_route=%2Fwp%2Fv2%2Fproduct_cat&post=106751"},{"taxonomy":"product_tag","embeddable":true,"href":"https:\/\/ifoffice.pt\/index.php?rest_route=%2Fwp%2Fv2%2Fproduct_tag&post=106751"}],"curies":[{"name":"wp","href":"https:\/\/api.w.org\/{rel}","templated":true}]}}