{"id":106740,"date":"2023-03-06T16:34:21","date_gmt":"2023-03-06T16:34:21","guid":{"rendered":"https:\/\/ifoffice.pt\/?post_type=product&#038;p=106740"},"modified":"2025-03-12T12:13:49","modified_gmt":"2025-03-12T12:13:49","slug":"166282","status":"publish","type":"product","link":"https:\/\/ifoffice.pt\/?product=166282","title":{"rendered":"Bateria externa groovy 4000mah para dispositivos android micro usb + tipo c cor cinza escuro"},"content":{"rendered":"<p>Compat\u00edvel com dispositivos Android e iPad Pro. Design compacto. Pode-se utilizar durante as chamadas. F\u00e1cil conex\u00e3o. Cor cinza escuro. Medidas: 140 x 70 x 10 mm. Peso 230 g. A bateria.<\/p>\n","protected":false},"excerpt":{"rendered":"<p>Compat\u00edvel com dispositivos Android e iPad Pro. Design compacto. Pode-se utilizar durante as chamadas. F\u00e1cil conex\u00e3o. Cor cinza escuro. Medidas: 140 x 70 x 10 mm. Peso 230 g. A bateria.<\/p>\n","protected":false},"featured_media":112838,"comment_status":"open","ping_status":"closed","template":"","meta":{"neve_meta_sidebar":"","neve_meta_container":"","neve_meta_enable_content_width":"","neve_meta_content_width":0,"neve_meta_title_alignment":"","neve_meta_author_avatar":"","neve_post_elements_order":"","neve_meta_disable_header":"","neve_meta_disable_footer":"","neve_meta_disable_title":""},"product_brand":[],"product_cat":[1819],"product_tag":[2747],"class_list":{"0":"post-106740","1":"product","2":"type-product","3":"status-publish","4":"has-post-thumbnail","6":"product_cat-conectividade-cabos-wifi-hub","7":"product_tag-conetividadecaboswifihub","9":"first","10":"outofstock","11":"taxable","12":"shipping-taxable","13":"purchasable","14":"product-type-simple"},"_links":{"self":[{"href":"https:\/\/ifoffice.pt\/index.php?rest_route=\/wp\/v2\/product\/106740","targetHints":{"allow":["GET"]}}],"collection":[{"href":"https:\/\/ifoffice.pt\/index.php?rest_route=\/wp\/v2\/product"}],"about":[{"href":"https:\/\/ifoffice.pt\/index.php?rest_route=\/wp\/v2\/types\/product"}],"replies":[{"embeddable":true,"href":"https:\/\/ifoffice.pt\/index.php?rest_route=%2Fwp%2Fv2%2Fcomments&post=106740"}],"wp:featuredmedia":[{"embeddable":true,"href":"https:\/\/ifoffice.pt\/index.php?rest_route=\/wp\/v2\/media\/112838"}],"wp:attachment":[{"href":"https:\/\/ifoffice.pt\/index.php?rest_route=%2Fwp%2Fv2%2Fmedia&parent=106740"}],"wp:term":[{"taxonomy":"product_brand","embeddable":true,"href":"https:\/\/ifoffice.pt\/index.php?rest_route=%2Fwp%2Fv2%2Fproduct_brand&post=106740"},{"taxonomy":"product_cat","embeddable":true,"href":"https:\/\/ifoffice.pt\/index.php?rest_route=%2Fwp%2Fv2%2Fproduct_cat&post=106740"},{"taxonomy":"product_tag","embeddable":true,"href":"https:\/\/ifoffice.pt\/index.php?rest_route=%2Fwp%2Fv2%2Fproduct_tag&post=106740"}],"curies":[{"name":"wp","href":"https:\/\/api.w.org\/{rel}","templated":true}]}}