{"id":106739,"date":"2023-03-06T16:34:21","date_gmt":"2023-03-06T16:34:21","guid":{"rendered":"https:\/\/ifoffice.pt\/?post_type=product&#038;p=106739"},"modified":"2026-02-23T12:54:25","modified_gmt":"2026-02-23T12:54:25","slug":"166283","status":"publish","type":"product","link":"https:\/\/ifoffice.pt\/?product=166283","title":{"rendered":"Auriculares groovy com microfone e estojo conector jack 3,5 mm cor branco"},"content":{"rendered":"<p>Auriculares sempre organizados e prontos para usar com enrolador de cabos inclu\u00eddo. Compat\u00edveis com dispositivos com entrada Jack de 3,5 mm. Microfone incorporado. Volume ajust\u00e1vel. Cor branco. Os auriculares.<\/p>\n","protected":false},"excerpt":{"rendered":"<p>Auriculares groovy com microfone e estojo conector jack 3,5 mm cor branco<\/p>\n","protected":false},"featured_media":112837,"comment_status":"open","ping_status":"closed","template":"","meta":{"neve_meta_sidebar":"","neve_meta_container":"","neve_meta_enable_content_width":"","neve_meta_content_width":0,"neve_meta_title_alignment":"","neve_meta_author_avatar":"","neve_post_elements_order":"","neve_meta_disable_header":"","neve_meta_disable_footer":"","neve_meta_disable_title":""},"product_brand":[],"product_cat":[1805],"product_tag":[2746],"class_list":{"0":"post-106739","1":"product","2":"type-product","3":"status-publish","4":"has-post-thumbnail","6":"product_cat-colunas-microfones-webcam","7":"product_tag-colunasmicroswebcam","9":"first","10":"instock","11":"taxable","12":"shipping-taxable","13":"purchasable","14":"product-type-simple"},"_links":{"self":[{"href":"https:\/\/ifoffice.pt\/index.php?rest_route=\/wp\/v2\/product\/106739","targetHints":{"allow":["GET"]}}],"collection":[{"href":"https:\/\/ifoffice.pt\/index.php?rest_route=\/wp\/v2\/product"}],"about":[{"href":"https:\/\/ifoffice.pt\/index.php?rest_route=\/wp\/v2\/types\/product"}],"replies":[{"embeddable":true,"href":"https:\/\/ifoffice.pt\/index.php?rest_route=%2Fwp%2Fv2%2Fcomments&post=106739"}],"wp:featuredmedia":[{"embeddable":true,"href":"https:\/\/ifoffice.pt\/index.php?rest_route=\/wp\/v2\/media\/112837"}],"wp:attachment":[{"href":"https:\/\/ifoffice.pt\/index.php?rest_route=%2Fwp%2Fv2%2Fmedia&parent=106739"}],"wp:term":[{"taxonomy":"product_brand","embeddable":true,"href":"https:\/\/ifoffice.pt\/index.php?rest_route=%2Fwp%2Fv2%2Fproduct_brand&post=106739"},{"taxonomy":"product_cat","embeddable":true,"href":"https:\/\/ifoffice.pt\/index.php?rest_route=%2Fwp%2Fv2%2Fproduct_cat&post=106739"},{"taxonomy":"product_tag","embeddable":true,"href":"https:\/\/ifoffice.pt\/index.php?rest_route=%2Fwp%2Fv2%2Fproduct_tag&post=106739"}],"curies":[{"name":"wp","href":"https:\/\/api.w.org\/{rel}","templated":true}]}}