{"id":106736,"date":"2023-03-06T16:34:20","date_gmt":"2023-03-06T16:34:20","guid":{"rendered":"https:\/\/ifoffice.pt\/?post_type=product&#038;p=106736"},"modified":"2026-02-23T12:54:24","modified_gmt":"2026-02-23T12:54:24","slug":"166286","status":"publish","type":"product","link":"https:\/\/ifoffice.pt\/?product=166286","title":{"rendered":"Auriculares groovy sport bluetooth neckband com microfone cor cinza escuro"},"content":{"rendered":"<p>Auriculares sem fios com bluetooth e microfone. D\u00e3o a volta ao pesco\u00e7o. Ideais para praticar desporto. Resist\u00eancia ao suor. Som de alta qualidade. Design ergon\u00f3mico. Microfone incorporado. Cor cinza escuro. Os auriculares.<\/p>\n","protected":false},"excerpt":{"rendered":"<p>Auriculares groovy sport bluetooth neckband com microfone cor cinza escuro<\/p>\n","protected":false},"featured_media":112834,"comment_status":"open","ping_status":"closed","template":"","meta":{"neve_meta_sidebar":"","neve_meta_container":"","neve_meta_enable_content_width":"","neve_meta_content_width":0,"neve_meta_title_alignment":"","neve_meta_author_avatar":"","neve_post_elements_order":"","neve_meta_disable_header":"","neve_meta_disable_footer":"","neve_meta_disable_title":""},"product_brand":[],"product_cat":[1805],"product_tag":[2746],"class_list":{"0":"post-106736","1":"product","2":"type-product","3":"status-publish","4":"has-post-thumbnail","6":"product_cat-colunas-microfones-webcam","7":"product_tag-colunasmicroswebcam","9":"first","10":"instock","11":"taxable","12":"shipping-taxable","13":"purchasable","14":"product-type-simple"},"_links":{"self":[{"href":"https:\/\/ifoffice.pt\/index.php?rest_route=\/wp\/v2\/product\/106736","targetHints":{"allow":["GET"]}}],"collection":[{"href":"https:\/\/ifoffice.pt\/index.php?rest_route=\/wp\/v2\/product"}],"about":[{"href":"https:\/\/ifoffice.pt\/index.php?rest_route=\/wp\/v2\/types\/product"}],"replies":[{"embeddable":true,"href":"https:\/\/ifoffice.pt\/index.php?rest_route=%2Fwp%2Fv2%2Fcomments&post=106736"}],"wp:featuredmedia":[{"embeddable":true,"href":"https:\/\/ifoffice.pt\/index.php?rest_route=\/wp\/v2\/media\/112834"}],"wp:attachment":[{"href":"https:\/\/ifoffice.pt\/index.php?rest_route=%2Fwp%2Fv2%2Fmedia&parent=106736"}],"wp:term":[{"taxonomy":"product_brand","embeddable":true,"href":"https:\/\/ifoffice.pt\/index.php?rest_route=%2Fwp%2Fv2%2Fproduct_brand&post=106736"},{"taxonomy":"product_cat","embeddable":true,"href":"https:\/\/ifoffice.pt\/index.php?rest_route=%2Fwp%2Fv2%2Fproduct_cat&post=106736"},{"taxonomy":"product_tag","embeddable":true,"href":"https:\/\/ifoffice.pt\/index.php?rest_route=%2Fwp%2Fv2%2Fproduct_tag&post=106736"}],"curies":[{"name":"wp","href":"https:\/\/api.w.org\/{rel}","templated":true}]}}