{"id":106698,"date":"2023-03-06T16:33:57","date_gmt":"2023-03-06T16:33:57","guid":{"rendered":"https:\/\/ifoffice.pt\/?post_type=product&#038;p=106698"},"modified":"2026-02-23T12:54:15","modified_gmt":"2026-02-23T12:54:15","slug":"166325","status":"publish","type":"product","link":"https:\/\/ifoffice.pt\/?product=166325","title":{"rendered":"Estojo pentel bl77 com 12 unidades e 12 cores"},"content":{"rendered":"<p>A melhor qualidade proporcionando ultra suavidade e r\u00e1pida secagem do gel. O grip de borracha d\u00e1-lhe conforto durante horas de escrita. Design inovador com clip. 550 metros de dist\u00e2ncia de escrita. Ponta de 0,7 mm. Usa recargas LR7.  O roller.<\/p>\n","protected":false},"excerpt":{"rendered":"<p>Estojo pentel bl77 com 12 unidades e 12 cores<\/p>\n","protected":false},"featured_media":112796,"comment_status":"open","ping_status":"closed","template":"","meta":{"neve_meta_sidebar":"","neve_meta_container":"","neve_meta_enable_content_width":"","neve_meta_content_width":0,"neve_meta_title_alignment":"","neve_meta_author_avatar":"","neve_post_elements_order":"","neve_meta_disable_header":"","neve_meta_disable_footer":"","neve_meta_disable_title":""},"product_brand":[],"product_cat":[1767],"product_tag":[2695],"class_list":{"0":"post-106698","1":"product","2":"type-product","3":"status-publish","4":"has-post-thumbnail","6":"product_cat-marcadores-roller","7":"product_tag-marcadores-roller","9":"first","10":"instock","11":"taxable","12":"shipping-taxable","13":"purchasable","14":"product-type-simple"},"_links":{"self":[{"href":"https:\/\/ifoffice.pt\/index.php?rest_route=\/wp\/v2\/product\/106698","targetHints":{"allow":["GET"]}}],"collection":[{"href":"https:\/\/ifoffice.pt\/index.php?rest_route=\/wp\/v2\/product"}],"about":[{"href":"https:\/\/ifoffice.pt\/index.php?rest_route=\/wp\/v2\/types\/product"}],"replies":[{"embeddable":true,"href":"https:\/\/ifoffice.pt\/index.php?rest_route=%2Fwp%2Fv2%2Fcomments&post=106698"}],"wp:featuredmedia":[{"embeddable":true,"href":"https:\/\/ifoffice.pt\/index.php?rest_route=\/wp\/v2\/media\/112796"}],"wp:attachment":[{"href":"https:\/\/ifoffice.pt\/index.php?rest_route=%2Fwp%2Fv2%2Fmedia&parent=106698"}],"wp:term":[{"taxonomy":"product_brand","embeddable":true,"href":"https:\/\/ifoffice.pt\/index.php?rest_route=%2Fwp%2Fv2%2Fproduct_brand&post=106698"},{"taxonomy":"product_cat","embeddable":true,"href":"https:\/\/ifoffice.pt\/index.php?rest_route=%2Fwp%2Fv2%2Fproduct_cat&post=106698"},{"taxonomy":"product_tag","embeddable":true,"href":"https:\/\/ifoffice.pt\/index.php?rest_route=%2Fwp%2Fv2%2Fproduct_tag&post=106698"}],"curies":[{"name":"wp","href":"https:\/\/api.w.org\/{rel}","templated":true}]}}