{"id":106695,"date":"2023-03-06T16:33:56","date_gmt":"2023-03-06T16:33:56","guid":{"rendered":"https:\/\/ifoffice.pt\/?post_type=product&#038;p=106695"},"modified":"2026-02-23T12:54:14","modified_gmt":"2026-02-23T12:54:14","slug":"166328","status":"publish","type":"product","link":"https:\/\/ifoffice.pt\/?product=166328","title":{"rendered":"Etiquetadora dymo letratag lt-200b bluetooth"},"content":{"rendered":"<p>Etiquetadora que se conecta automaticamente ao bluetooth do smartphone ou tablet. Perfeita para organiza\u00e7\u00e3o em casa, etiquetar prendas, trabalhos manuais, criatividade e muito mais. Tamanho compacto para levar para qualquer lado e imprimir facilmente em casa, no trabalho ou quando viaja. Tecnologia de impress\u00e3o t\u00e9rmica direta, n\u00e3o necessita de cartuchos de tinta. Funciona com 4 pilhas AA (n\u00e3o inclu\u00eddas) e inclui uma fita Letratag de papel, preto sobre branco. Fitas dispon\u00edveis em diferentes cores, em papel, pl\u00e1stico, met\u00e1lico e termo adesivo. As etiquetas de papel DYMO contam com a certifica\u00e7\u00e3o FSC. O seu exterior \u00e9 fabricado com materiais 100 % reciclados. Medidas: 98,4 x 190,5 x 188,9 mm. Peso: 471,74 g. A etiquetadora.<\/p>\n","protected":false},"excerpt":{"rendered":"<p>Etiquetadora dymo letratag lt-200b bluetooth<\/p>\n","protected":false},"featured_media":112793,"comment_status":"open","ping_status":"closed","template":"","meta":{"neve_meta_sidebar":"","neve_meta_container":"","neve_meta_enable_content_width":"","neve_meta_content_width":0,"neve_meta_title_alignment":"","neve_meta_author_avatar":"","neve_post_elements_order":"","neve_meta_disable_header":"","neve_meta_disable_footer":"","neve_meta_disable_title":""},"product_brand":[],"product_cat":[1790],"product_tag":[2729],"class_list":{"0":"post-106695","1":"product","2":"type-product","3":"status-publish","4":"has-post-thumbnail","6":"product_cat-etiquetadoras-e-fitas","7":"product_tag-etiquetadoras-e-fitas","9":"first","10":"instock","11":"taxable","12":"shipping-taxable","13":"purchasable","14":"product-type-simple"},"_links":{"self":[{"href":"https:\/\/ifoffice.pt\/index.php?rest_route=\/wp\/v2\/product\/106695","targetHints":{"allow":["GET"]}}],"collection":[{"href":"https:\/\/ifoffice.pt\/index.php?rest_route=\/wp\/v2\/product"}],"about":[{"href":"https:\/\/ifoffice.pt\/index.php?rest_route=\/wp\/v2\/types\/product"}],"replies":[{"embeddable":true,"href":"https:\/\/ifoffice.pt\/index.php?rest_route=%2Fwp%2Fv2%2Fcomments&post=106695"}],"wp:featuredmedia":[{"embeddable":true,"href":"https:\/\/ifoffice.pt\/index.php?rest_route=\/wp\/v2\/media\/112793"}],"wp:attachment":[{"href":"https:\/\/ifoffice.pt\/index.php?rest_route=%2Fwp%2Fv2%2Fmedia&parent=106695"}],"wp:term":[{"taxonomy":"product_brand","embeddable":true,"href":"https:\/\/ifoffice.pt\/index.php?rest_route=%2Fwp%2Fv2%2Fproduct_brand&post=106695"},{"taxonomy":"product_cat","embeddable":true,"href":"https:\/\/ifoffice.pt\/index.php?rest_route=%2Fwp%2Fv2%2Fproduct_cat&post=106695"},{"taxonomy":"product_tag","embeddable":true,"href":"https:\/\/ifoffice.pt\/index.php?rest_route=%2Fwp%2Fv2%2Fproduct_tag&post=106695"}],"curies":[{"name":"wp","href":"https:\/\/api.w.org\/{rel}","templated":true}]}}