{"id":106670,"date":"2023-03-06T16:33:37","date_gmt":"2023-03-06T16:33:37","guid":{"rendered":"https:\/\/ifoffice.pt\/?post_type=product&#038;p=106670"},"modified":"2025-03-12T12:13:26","modified_gmt":"2025-03-12T12:13:26","slug":"166397","status":"publish","type":"product","link":"https:\/\/ifoffice.pt\/?product=166397","title":{"rendered":"Coluna ngs portatil roller nitro 1 black 10w bluetooth luzes rgb radio fm impermeabilidade ipx5 usb cor azul"},"content":{"rendered":"<p>Coluna sem fios \u00e0 prova de salpicos, compat\u00edvel com tecnologia Bluetooth 5.0. Tamanho compacto e port\u00e1til, proporciona som de alta qualidade gra\u00e7as \u00e0 sua grande pot\u00eancia de sa\u00edda, 10W (2 x 5W). Microfone incorporado para fun\u00e7\u00e3o m\u00e3os livres. Resistente aos salpicos de \u00e1gua, conforme a norma IPX5. Amplifica o som, pode emparelhar dois dispositivos de forma simult\u00e2nea e aumentar a pot\u00eancia de som gra\u00e7as \u00e0 sua tecnologia True Wireless. Reprodutor de som mediante pen drives USB ou TF e entrada auxiliar. Bateria recarreg\u00e1vel de 1500mAh Li-Ion que reproduz m\u00fasica at\u00e9 10 horas (70 % de volume). Bot\u00f5es simples de on\/off, volume +\/-, pista anterior\/seguinte. Inclui um cabo de carregamento USB tipo C.  6 modos de luzes diferentes. Inclui correia de transporte. O alcance do telem\u00f3vel para a reprodu\u00e7\u00e3o de m\u00fasica \u00e9 de 10 m. Medidas: 110 x 90 mm. A coluna.<\/p>\n","protected":false},"excerpt":{"rendered":"<p>Coluna sem fios \u00e0 prova de salpicos, compat\u00edvel com tecnologia Bluetooth 5.0. Tamanho compacto e port\u00e1til, proporciona som de alta qualidade gra\u00e7as \u00e0 sua grande pot\u00eancia de sa\u00edda, 10W (2 x 5W). Microfone incorporado para fun\u00e7\u00e3o m\u00e3os livres. Resistente aos salpicos de \u00e1gua, conforme a norma IPX5. Amplifica o som, pode emparelhar dois dispositivos de forma simult\u00e2nea e aumentar a pot\u00eancia de som gra\u00e7as \u00e0 sua tecnologia True Wireless. Reprodutor de som mediante pen drives USB ou TF e entrada auxiliar. Bateria recarreg\u00e1vel de 1500mAh Li-Ion que reproduz m\u00fasica at\u00e9 10 horas (70 % de volume). Bot\u00f5es simples de on\/off, volume +\/-, pista anterior\/seguinte. Inclui um cabo de carregamento USB tipo C. 6 modos de luzes diferentes. Inclui correia de transporte. O alcance do telem\u00f3vel para a reprodu\u00e7\u00e3o de m\u00fasica \u00e9 de 10 m. Medidas: 110 x 90 mm. A coluna.<\/p>\n","protected":false},"featured_media":112768,"comment_status":"open","ping_status":"closed","template":"","meta":{"neve_meta_sidebar":"","neve_meta_container":"","neve_meta_enable_content_width":"","neve_meta_content_width":0,"neve_meta_title_alignment":"","neve_meta_author_avatar":"","neve_post_elements_order":"","neve_meta_disable_header":"","neve_meta_disable_footer":"","neve_meta_disable_title":""},"product_brand":[],"product_cat":[1805],"product_tag":[2746],"class_list":{"0":"post-106670","1":"product","2":"type-product","3":"status-publish","4":"has-post-thumbnail","6":"product_cat-colunas-microfones-webcam","7":"product_tag-colunasmicroswebcam","9":"first","10":"outofstock","11":"taxable","12":"shipping-taxable","13":"purchasable","14":"product-type-simple"},"_links":{"self":[{"href":"https:\/\/ifoffice.pt\/index.php?rest_route=\/wp\/v2\/product\/106670","targetHints":{"allow":["GET"]}}],"collection":[{"href":"https:\/\/ifoffice.pt\/index.php?rest_route=\/wp\/v2\/product"}],"about":[{"href":"https:\/\/ifoffice.pt\/index.php?rest_route=\/wp\/v2\/types\/product"}],"replies":[{"embeddable":true,"href":"https:\/\/ifoffice.pt\/index.php?rest_route=%2Fwp%2Fv2%2Fcomments&post=106670"}],"wp:featuredmedia":[{"embeddable":true,"href":"https:\/\/ifoffice.pt\/index.php?rest_route=\/wp\/v2\/media\/112768"}],"wp:attachment":[{"href":"https:\/\/ifoffice.pt\/index.php?rest_route=%2Fwp%2Fv2%2Fmedia&parent=106670"}],"wp:term":[{"taxonomy":"product_brand","embeddable":true,"href":"https:\/\/ifoffice.pt\/index.php?rest_route=%2Fwp%2Fv2%2Fproduct_brand&post=106670"},{"taxonomy":"product_cat","embeddable":true,"href":"https:\/\/ifoffice.pt\/index.php?rest_route=%2Fwp%2Fv2%2Fproduct_cat&post=106670"},{"taxonomy":"product_tag","embeddable":true,"href":"https:\/\/ifoffice.pt\/index.php?rest_route=%2Fwp%2Fv2%2Fproduct_tag&post=106670"}],"curies":[{"name":"wp","href":"https:\/\/api.w.org\/{rel}","templated":true}]}}