{"id":106645,"date":"2023-03-06T16:33:23","date_gmt":"2023-03-06T16:33:23","guid":{"rendered":"https:\/\/ifoffice.pt\/?post_type=product&#038;p=106645"},"modified":"2025-03-12T14:20:29","modified_gmt":"2025-03-12T14:20:29","slug":"166477","status":"publish","type":"product","link":"https:\/\/ifoffice.pt\/?product=166477","title":{"rendered":"Esferografica parker jotter originals glam rock transit expositor de 20 unidades sortidas"},"content":{"rendered":"<p>Conhe\u00e7a a esferogr\u00e1fica PARKER Jotter Originals da cole\u00e7\u00e3o Glam Rock, uma proposta vibrante e ousada que une a qualidade ic\u00f3nica da PARKER a um design inspirado na energ\u00e9tica d\u00e9cada dos anos setenta. Este expositor, composto por 20 unidades em cores variadas, \u00e9 a escolha perfeita para quem se quer destacar com um estilo \u00fanico e funcional.<\/p>\n<ul>\n<li><strong>Design Cl\u00e1ssico e Moderno<\/strong>\u00a0: A silhueta distinta do Jotter renova-se com cores retro, proporcionando um toque de modernidade que combina funcionalidade e estilo.<\/li>\n<li><strong>Materiais de qualidade<\/strong>\u00a0: Fabricados com componentes de pl\u00e1stico r\u00edgido ultra-resistente e a\u00e7o inoxid\u00e1vel, garantem durabilidade e eleg\u00e2ncia.<\/li>\n<li><strong>Escrita suave e fluida<\/strong>\u00a0: Equipadas com recargas de tinta azul PARKER de alta qualidade, oferecem uma experi\u00eancia de escrita constante e perfeita.<\/li>\n<li><strong>Variedade de Cores<\/strong>\u00a0: A cole\u00e7\u00e3o oferece cinco cores diferentes, perfeitas para personalizar a sua experi\u00eancia de escrita ou para utilizar na codifica\u00e7\u00e3o de cores.<\/li>\n<li><strong>Expositor de 20 Unidades<\/strong>\u00a0: Ideal para escrit\u00f3rios, eventos ou como presente, este conjunto oferece uma solu\u00e7\u00e3o pr\u00e1tica e elegante para ter sempre uma caneta \u00e0 m\u00e3o.<\/li>\n<\/ul>\n<p>Escolher a PARKER Jotter Originals Glam Rock \u00e9 optar por uma caneta que para al\u00e9m de ir ao encontro dos mais exigentes padr\u00f5es de escrita, traz um toque de criatividade e personalidade a qualquer ambiente. Com uma heran\u00e7a de qualidade indiscut\u00edvel, esta cole\u00e7\u00e3o \u00e9 perfeita para quem valoriza a est\u00e9tica e a funcionalidade.<\/p>\n","protected":false},"excerpt":{"rendered":"<p>Conhe\u00e7a a esferogr\u00e1fica PARKER Jotter Originals da cole\u00e7\u00e3o Glam Rock, uma proposta vibrante e ousada que une a qualidade ic\u00f3nica da PARKER a um design inspirado na energ\u00e9tica d\u00e9cada dos anos setenta. Este expositor, composto por 20 unidades em cores variadas, \u00e9 a escolha perfeita para quem se quer destacar com um estilo \u00fanico e funcional. Design Cl\u00e1ssico e Moderno\u00a0: A silhueta distinta do Jotter renova-se com cores retro, proporcionando um toque de modernidade que combina funcionalidade e estilo. Materiais de qualidade\u00a0: Fabricados com componentes de pl\u00e1stico r\u00edgido ultra-resistente e a\u00e7o inoxid\u00e1vel, garantem durabilidade e eleg\u00e2ncia. Escrita suave e fluida\u00a0: Equipadas com recargas de tinta azul PARKER de alta qualidade, oferecem uma experi\u00eancia de escrita constante e perfeita. Variedade de Cores\u00a0: A cole\u00e7\u00e3o oferece cinco cores diferentes, perfeitas para personalizar a sua experi\u00eancia de escrita ou para utilizar na codifica\u00e7\u00e3o de cores. Expositor de 20 Unidades\u00a0: Ideal para escrit\u00f3rios, eventos ou como presente, este conjunto oferece uma solu\u00e7\u00e3o pr\u00e1tica e elegante para ter sempre uma caneta \u00e0 m\u00e3o. Escolher a PARKER Jotter Originals Glam Rock \u00e9 optar por uma caneta que para al\u00e9m de ir ao encontro dos mais exigentes padr\u00f5es de escrita, traz um toque de criatividade e personalidade a qualquer ambiente. Com uma heran\u00e7a de qualidade indiscut\u00edvel, esta cole\u00e7\u00e3o \u00e9 perfeita para quem valoriza a est\u00e9tica e a funcionalidade.<\/p>\n","protected":false},"featured_media":112744,"comment_status":"open","ping_status":"closed","template":"","meta":{"neve_meta_sidebar":"","neve_meta_container":"","neve_meta_enable_content_width":"off","neve_meta_content_width":100,"neve_meta_title_alignment":"","neve_meta_author_avatar":"","neve_post_elements_order":"","neve_meta_disable_header":"","neve_meta_disable_footer":"","neve_meta_disable_title":""},"product_brand":[],"product_cat":[1762],"product_tag":[2691],"class_list":{"0":"post-106645","1":"product","2":"type-product","3":"status-publish","4":"has-post-thumbnail","6":"product_cat-estojo-parker","7":"product_tag-estojo-parker","9":"first","10":"instock","11":"taxable","12":"shipping-taxable","13":"purchasable","14":"product-type-simple"},"_links":{"self":[{"href":"https:\/\/ifoffice.pt\/index.php?rest_route=\/wp\/v2\/product\/106645","targetHints":{"allow":["GET"]}}],"collection":[{"href":"https:\/\/ifoffice.pt\/index.php?rest_route=\/wp\/v2\/product"}],"about":[{"href":"https:\/\/ifoffice.pt\/index.php?rest_route=\/wp\/v2\/types\/product"}],"replies":[{"embeddable":true,"href":"https:\/\/ifoffice.pt\/index.php?rest_route=%2Fwp%2Fv2%2Fcomments&post=106645"}],"wp:featuredmedia":[{"embeddable":true,"href":"https:\/\/ifoffice.pt\/index.php?rest_route=\/wp\/v2\/media\/112744"}],"wp:attachment":[{"href":"https:\/\/ifoffice.pt\/index.php?rest_route=%2Fwp%2Fv2%2Fmedia&parent=106645"}],"wp:term":[{"taxonomy":"product_brand","embeddable":true,"href":"https:\/\/ifoffice.pt\/index.php?rest_route=%2Fwp%2Fv2%2Fproduct_brand&post=106645"},{"taxonomy":"product_cat","embeddable":true,"href":"https:\/\/ifoffice.pt\/index.php?rest_route=%2Fwp%2Fv2%2Fproduct_cat&post=106645"},{"taxonomy":"product_tag","embeddable":true,"href":"https:\/\/ifoffice.pt\/index.php?rest_route=%2Fwp%2Fv2%2Fproduct_tag&post=106645"}],"curies":[{"name":"wp","href":"https:\/\/api.w.org\/{rel}","templated":true}]}}