{"id":106638,"date":"2023-03-06T16:33:19","date_gmt":"2023-03-06T16:33:19","guid":{"rendered":"https:\/\/ifoffice.pt\/?post_type=product&#038;p=106638"},"modified":"2026-02-23T12:54:01","modified_gmt":"2026-02-23T12:54:01","slug":"166487","status":"publish","type":"product","link":"https:\/\/ifoffice.pt\/?product=166487","title":{"rendered":"Saca agrafes rexel extrac-it magnetico pinca cor preto"},"content":{"rendered":"<p>Saca agrafes tipo caneta, para remover Rapid standard de papel. O \u00edman embutido ret\u00e9m os agrafes removidos. A ponta de a\u00e7o inoxid\u00e1vel e  design ergon\u00f3mico, facilita o seu uso.<\/p>\n","protected":false},"excerpt":{"rendered":"<p>Saca agrafes rexel extrac-it magnetico pinca cor preto<\/p>\n","protected":false},"featured_media":112737,"comment_status":"open","ping_status":"closed","template":"","meta":{"neve_meta_sidebar":"","neve_meta_container":"","neve_meta_enable_content_width":"","neve_meta_content_width":0,"neve_meta_title_alignment":"","neve_meta_author_avatar":"","neve_post_elements_order":"","neve_meta_disable_header":"","neve_meta_disable_footer":"","neve_meta_disable_title":""},"product_brand":[],"product_cat":[1937],"product_tag":[2755],"class_list":{"0":"post-106638","1":"product","2":"type-product","3":"status-publish","4":"has-post-thumbnail","6":"product_cat-saca-agrafes","7":"product_tag-saca-agrafes","9":"first","10":"instock","11":"taxable","12":"shipping-taxable","13":"purchasable","14":"product-type-simple"},"_links":{"self":[{"href":"https:\/\/ifoffice.pt\/index.php?rest_route=\/wp\/v2\/product\/106638","targetHints":{"allow":["GET"]}}],"collection":[{"href":"https:\/\/ifoffice.pt\/index.php?rest_route=\/wp\/v2\/product"}],"about":[{"href":"https:\/\/ifoffice.pt\/index.php?rest_route=\/wp\/v2\/types\/product"}],"replies":[{"embeddable":true,"href":"https:\/\/ifoffice.pt\/index.php?rest_route=%2Fwp%2Fv2%2Fcomments&post=106638"}],"wp:featuredmedia":[{"embeddable":true,"href":"https:\/\/ifoffice.pt\/index.php?rest_route=\/wp\/v2\/media\/112737"}],"wp:attachment":[{"href":"https:\/\/ifoffice.pt\/index.php?rest_route=%2Fwp%2Fv2%2Fmedia&parent=106638"}],"wp:term":[{"taxonomy":"product_brand","embeddable":true,"href":"https:\/\/ifoffice.pt\/index.php?rest_route=%2Fwp%2Fv2%2Fproduct_brand&post=106638"},{"taxonomy":"product_cat","embeddable":true,"href":"https:\/\/ifoffice.pt\/index.php?rest_route=%2Fwp%2Fv2%2Fproduct_cat&post=106638"},{"taxonomy":"product_tag","embeddable":true,"href":"https:\/\/ifoffice.pt\/index.php?rest_route=%2Fwp%2Fv2%2Fproduct_tag&post=106638"}],"curies":[{"name":"wp","href":"https:\/\/api.w.org\/{rel}","templated":true}]}}